{"id":27137,"date":"2022-01-06T08:40:16","date_gmt":"2022-01-06T11:40:16","guid":{"rendered":"https:\/\/www.museuhistoricosl.com.br\/loja\/produto\/sl036-fd-1092\/"},"modified":"2022-01-06T08:40:16","modified_gmt":"2022-01-06T11:40:16","slug":"sl036-fd-1092","status":"publish","type":"product","link":"https:\/\/www.museuhistoricosl.com.br\/loja\/produto\/sl036-fd-1092\/","title":{"rendered":"SL036-FD-1092"},"content":{"rendered":"<p>Clubes Sociais, Inaugura\u00e7\u00e3o Estadio E.C. Aimor\u00e9 (Vitoria do Aimor\u00e9 s\u00f4bre o Internacional, 1 x 0); Esportes; <\/p>\n","protected":false},"excerpt":{"rendered":"<p>Clubes Sociais, Inaugura\u00e7\u00e3o Estadio E.C. Aimor\u00e9 (Vitoria do Aimor\u00e9 s\u00f4bre o Internacional, 1 x 0); Esportes;<\/p>\n","protected":false},"featured_media":27136,"comment_status":"open","ping_status":"closed","template":"","meta":{"_acf_changed":false},"product_cat":[61],"product_tag":[],"class_list":["post-27137","product","type-product","status-publish","has-post-thumbnail","hentry","product_cat-esportes"],"acf":[],"_links":{"self":[{"href":"https:\/\/www.museuhistoricosl.com.br\/loja\/wp-json\/wp\/v2\/product\/27137","targetHints":{"allow":["GET"]}}],"collection":[{"href":"https:\/\/www.museuhistoricosl.com.br\/loja\/wp-json\/wp\/v2\/product"}],"about":[{"href":"https:\/\/www.museuhistoricosl.com.br\/loja\/wp-json\/wp\/v2\/types\/product"}],"replies":[{"embeddable":true,"href":"https:\/\/www.museuhistoricosl.com.br\/loja\/wp-json\/wp\/v2\/comments?post=27137"}],"wp:featuredmedia":[{"embeddable":true,"href":"https:\/\/www.museuhistoricosl.com.br\/loja\/wp-json\/wp\/v2\/media\/27136"}],"wp:attachment":[{"href":"https:\/\/www.museuhistoricosl.com.br\/loja\/wp-json\/wp\/v2\/media?parent=27137"}],"wp:term":[{"taxonomy":"product_cat","embeddable":true,"href":"https:\/\/www.museuhistoricosl.com.br\/loja\/wp-json\/wp\/v2\/product_cat?post=27137"},{"taxonomy":"product_tag","embeddable":true,"href":"https:\/\/www.museuhistoricosl.com.br\/loja\/wp-json\/wp\/v2\/product_tag?post=27137"}],"curies":[{"name":"wp","href":"https:\/\/api.w.org\/{rel}","templated":true}]}}