{"id":2701,"date":"2021-12-16T10:34:56","date_gmt":"2021-12-16T13:34:56","guid":{"rendered":"https:\/\/www.museuhistoricosl.com.br\/novosite\/produto\/sl016-fd-0127\/"},"modified":"2021-12-16T10:34:56","modified_gmt":"2021-12-16T13:34:56","slug":"sl016-fd-0127","status":"publish","type":"product","link":"https:\/\/www.museuhistoricosl.com.br\/loja\/produto\/sl016-fd-0127\/","title":{"rendered":"SL016-FD-0127"},"content":{"rendered":"<p>Cidade: S\u00e3o Leopoldo. Av. Jo\u00e3o Correa. Trecho da rua S. Jorge, por onde passa a Av. Jo\u00e3o Correa, pr\u00e9dio demolido. Da esquerda para a direita com propriet\u00e1rios: Cia Construtora Ltda. Area de Guilherme Zimmermann &#8211; Carlos Em\u00edlio Zimmermann (requaado) Jeronimo Jesus &#8211; C\u00f3digo anterior de cat\u00e1logo:FD-16,127; Casas e Pr\u00e9dios; <\/p>\n","protected":false},"excerpt":{"rendered":"<p>Cidade: S\u00e3o Leopoldo. Av. Jo\u00e3o Correa. Trecho da rua S. Jorge, por onde passa a Av. Jo\u00e3o Correa, pr\u00e9dio demolido.<\/p>\n","protected":false},"featured_media":2700,"comment_status":"open","ping_status":"closed","template":"","meta":{"_acf_changed":false},"product_cat":[35],"product_tag":[],"class_list":["post-2701","product","type-product","status-publish","has-post-thumbnail","hentry","product_cat-casas-e-predios"],"acf":[],"_links":{"self":[{"href":"https:\/\/www.museuhistoricosl.com.br\/loja\/wp-json\/wp\/v2\/product\/2701","targetHints":{"allow":["GET"]}}],"collection":[{"href":"https:\/\/www.museuhistoricosl.com.br\/loja\/wp-json\/wp\/v2\/product"}],"about":[{"href":"https:\/\/www.museuhistoricosl.com.br\/loja\/wp-json\/wp\/v2\/types\/product"}],"replies":[{"embeddable":true,"href":"https:\/\/www.museuhistoricosl.com.br\/loja\/wp-json\/wp\/v2\/comments?post=2701"}],"wp:featuredmedia":[{"embeddable":true,"href":"https:\/\/www.museuhistoricosl.com.br\/loja\/wp-json\/wp\/v2\/media\/2700"}],"wp:attachment":[{"href":"https:\/\/www.museuhistoricosl.com.br\/loja\/wp-json\/wp\/v2\/media?parent=2701"}],"wp:term":[{"taxonomy":"product_cat","embeddable":true,"href":"https:\/\/www.museuhistoricosl.com.br\/loja\/wp-json\/wp\/v2\/product_cat?post=2701"},{"taxonomy":"product_tag","embeddable":true,"href":"https:\/\/www.museuhistoricosl.com.br\/loja\/wp-json\/wp\/v2\/product_tag?post=2701"}],"curies":[{"name":"wp","href":"https:\/\/api.w.org\/{rel}","templated":true}]}}