{"id":2699,"date":"2021-12-16T10:34:55","date_gmt":"2021-12-16T13:34:55","guid":{"rendered":"https:\/\/www.museuhistoricosl.com.br\/novosite\/produto\/sl016-fd-0126\/"},"modified":"2021-12-16T10:34:55","modified_gmt":"2021-12-16T13:34:55","slug":"sl016-fd-0126","status":"publish","type":"product","link":"https:\/\/www.museuhistoricosl.com.br\/loja\/produto\/sl016-fd-0126\/","title":{"rendered":"SL016-FD-0126"},"content":{"rendered":"<p>O pr\u00e9dio no canto inferior esquerdo \u00e9 a parte do col\u00e9gio Concei\u00e7\u00e3o (Unisinos). Esta parte acabou incendiando em 1981. A casinha branca que aparece na margem inferior localiza-se na atual rua Bento Gon\u00e7alves. &#8211; C\u00f3digo anterior de cat\u00e1logo:FD-16,126; Casas e Pr\u00e9dios; <\/p>\n","protected":false},"excerpt":{"rendered":"<p>O pr\u00e9dio no canto inferior esquerdo \u00e9 a parte do col\u00e9gio Concei\u00e7\u00e3o (Unisinos). Esta parte acabou incendiando em 1981. A<\/p>\n","protected":false},"featured_media":2698,"comment_status":"open","ping_status":"closed","template":"","meta":{"_acf_changed":false},"product_cat":[35],"product_tag":[],"class_list":["post-2699","product","type-product","status-publish","has-post-thumbnail","hentry","product_cat-casas-e-predios"],"acf":[],"_links":{"self":[{"href":"https:\/\/www.museuhistoricosl.com.br\/loja\/wp-json\/wp\/v2\/product\/2699","targetHints":{"allow":["GET"]}}],"collection":[{"href":"https:\/\/www.museuhistoricosl.com.br\/loja\/wp-json\/wp\/v2\/product"}],"about":[{"href":"https:\/\/www.museuhistoricosl.com.br\/loja\/wp-json\/wp\/v2\/types\/product"}],"replies":[{"embeddable":true,"href":"https:\/\/www.museuhistoricosl.com.br\/loja\/wp-json\/wp\/v2\/comments?post=2699"}],"wp:featuredmedia":[{"embeddable":true,"href":"https:\/\/www.museuhistoricosl.com.br\/loja\/wp-json\/wp\/v2\/media\/2698"}],"wp:attachment":[{"href":"https:\/\/www.museuhistoricosl.com.br\/loja\/wp-json\/wp\/v2\/media?parent=2699"}],"wp:term":[{"taxonomy":"product_cat","embeddable":true,"href":"https:\/\/www.museuhistoricosl.com.br\/loja\/wp-json\/wp\/v2\/product_cat?post=2699"},{"taxonomy":"product_tag","embeddable":true,"href":"https:\/\/www.museuhistoricosl.com.br\/loja\/wp-json\/wp\/v2\/product_tag?post=2699"}],"curies":[{"name":"wp","href":"https:\/\/api.w.org\/{rel}","templated":true}]}}