{"id":26925,"date":"2022-01-06T08:39:01","date_gmt":"2022-01-06T11:39:01","guid":{"rendered":"https:\/\/www.museuhistoricosl.com.br\/loja\/produto\/sl036-fd-0986\/"},"modified":"2022-01-06T08:39:01","modified_gmt":"2022-01-06T11:39:01","slug":"sl036-fd-0986","status":"publish","type":"product","link":"https:\/\/www.museuhistoricosl.com.br\/loja\/produto\/sl036-fd-0986\/","title":{"rendered":"SL036-FD-0986"},"content":{"rendered":"<p>Clubes Sociais, Torneio da Gin\u00e1stica 100 anos em 01\/09\/1985, Foto Nilson, NH, Atiradores, Ca\u00eddo: Marco Aur\u00e9lio Freitas, Em p\u00e9: Fabr\u00edcio Pereira da Cruz; Esportes; <\/p>\n","protected":false},"excerpt":{"rendered":"<p>Clubes Sociais, Torneio da Gin\u00e1stica 100 anos em 01\/09\/1985, Foto Nilson, NH, Atiradores, Ca\u00eddo: Marco Aur\u00e9lio Freitas, Em p\u00e9: Fabr\u00edcio<\/p>\n","protected":false},"featured_media":26924,"comment_status":"open","ping_status":"closed","template":"","meta":{"_acf_changed":false},"product_cat":[61],"product_tag":[],"class_list":["post-26925","product","type-product","status-publish","has-post-thumbnail","hentry","product_cat-esportes"],"acf":[],"_links":{"self":[{"href":"https:\/\/www.museuhistoricosl.com.br\/loja\/wp-json\/wp\/v2\/product\/26925","targetHints":{"allow":["GET"]}}],"collection":[{"href":"https:\/\/www.museuhistoricosl.com.br\/loja\/wp-json\/wp\/v2\/product"}],"about":[{"href":"https:\/\/www.museuhistoricosl.com.br\/loja\/wp-json\/wp\/v2\/types\/product"}],"replies":[{"embeddable":true,"href":"https:\/\/www.museuhistoricosl.com.br\/loja\/wp-json\/wp\/v2\/comments?post=26925"}],"wp:featuredmedia":[{"embeddable":true,"href":"https:\/\/www.museuhistoricosl.com.br\/loja\/wp-json\/wp\/v2\/media\/26924"}],"wp:attachment":[{"href":"https:\/\/www.museuhistoricosl.com.br\/loja\/wp-json\/wp\/v2\/media?parent=26925"}],"wp:term":[{"taxonomy":"product_cat","embeddable":true,"href":"https:\/\/www.museuhistoricosl.com.br\/loja\/wp-json\/wp\/v2\/product_cat?post=26925"},{"taxonomy":"product_tag","embeddable":true,"href":"https:\/\/www.museuhistoricosl.com.br\/loja\/wp-json\/wp\/v2\/product_tag?post=26925"}],"curies":[{"name":"wp","href":"https:\/\/api.w.org\/{rel}","templated":true}]}}