{"id":2681,"date":"2021-12-16T10:34:53","date_gmt":"2021-12-16T13:34:53","guid":{"rendered":"https:\/\/www.museuhistoricosl.com.br\/novosite\/produto\/sl016-fd-0117\/"},"modified":"2021-12-16T10:34:53","modified_gmt":"2021-12-16T13:34:53","slug":"sl016-fd-0117","status":"publish","type":"product","link":"https:\/\/www.museuhistoricosl.com.br\/loja\/produto\/sl016-fd-0117\/","title":{"rendered":"SL016-FD-0117"},"content":{"rendered":"<p>Denomina\u00e7\u00e3o de rua Hillebrand, a rua principal do bairro Rio dos Sinos. Ato junto \u00e0 casa da fam. Seewald: 25.7.1935. Da esq. Para a dirt.: na frente do casac\u00e3o: Pastor Hermann Dohms, ao centro de borboleta: Germano Hauschild, de casac\u00e3o, Prefeito T.P. Fonseca, Orador: Remi Fonseca. &#8211; C\u00f3digo anterior de cat\u00e1logo:FD-16,117; Casas e Pr\u00e9dios; <\/p>\n","protected":false},"excerpt":{"rendered":"<p>Denomina\u00e7\u00e3o de rua Hillebrand, a rua principal do bairro Rio dos Sinos. Ato junto \u00e0 casa da fam. Seewald: 25.7.1935.<\/p>\n","protected":false},"featured_media":2680,"comment_status":"open","ping_status":"closed","template":"","meta":{"_acf_changed":false},"product_cat":[35],"product_tag":[],"class_list":["post-2681","product","type-product","status-publish","has-post-thumbnail","hentry","product_cat-casas-e-predios"],"acf":[],"_links":{"self":[{"href":"https:\/\/www.museuhistoricosl.com.br\/loja\/wp-json\/wp\/v2\/product\/2681","targetHints":{"allow":["GET"]}}],"collection":[{"href":"https:\/\/www.museuhistoricosl.com.br\/loja\/wp-json\/wp\/v2\/product"}],"about":[{"href":"https:\/\/www.museuhistoricosl.com.br\/loja\/wp-json\/wp\/v2\/types\/product"}],"replies":[{"embeddable":true,"href":"https:\/\/www.museuhistoricosl.com.br\/loja\/wp-json\/wp\/v2\/comments?post=2681"}],"wp:featuredmedia":[{"embeddable":true,"href":"https:\/\/www.museuhistoricosl.com.br\/loja\/wp-json\/wp\/v2\/media\/2680"}],"wp:attachment":[{"href":"https:\/\/www.museuhistoricosl.com.br\/loja\/wp-json\/wp\/v2\/media?parent=2681"}],"wp:term":[{"taxonomy":"product_cat","embeddable":true,"href":"https:\/\/www.museuhistoricosl.com.br\/loja\/wp-json\/wp\/v2\/product_cat?post=2681"},{"taxonomy":"product_tag","embeddable":true,"href":"https:\/\/www.museuhistoricosl.com.br\/loja\/wp-json\/wp\/v2\/product_tag?post=2681"}],"curies":[{"name":"wp","href":"https:\/\/api.w.org\/{rel}","templated":true}]}}