{"id":26775,"date":"2022-01-06T08:38:09","date_gmt":"2022-01-06T11:38:09","guid":{"rendered":"https:\/\/www.museuhistoricosl.com.br\/loja\/produto\/sl036-fd-0911\/"},"modified":"2022-01-06T08:38:09","modified_gmt":"2022-01-06T11:38:09","slug":"sl036-fd-0911","status":"publish","type":"product","link":"https:\/\/www.museuhistoricosl.com.br\/loja\/produto\/sl036-fd-0911\/","title":{"rendered":"SL036-FD-0911"},"content":{"rendered":"<p>Esportes, Comemora\u00e7\u00e3o, III Copa Am\u00e9rica Futsal, Sele\u00e7\u00e3o do Brasil, Foto Thomas, 03\/08\/1997; Esportes; <\/p>\n","protected":false},"excerpt":{"rendered":"<p>Esportes, Comemora\u00e7\u00e3o, III Copa Am\u00e9rica Futsal, Sele\u00e7\u00e3o do Brasil, Foto Thomas, 03\/08\/1997; Esportes;<\/p>\n","protected":false},"featured_media":26774,"comment_status":"open","ping_status":"closed","template":"","meta":{"_acf_changed":false},"product_cat":[61],"product_tag":[],"class_list":["post-26775","product","type-product","status-publish","has-post-thumbnail","hentry","product_cat-esportes"],"acf":[],"_links":{"self":[{"href":"https:\/\/www.museuhistoricosl.com.br\/loja\/wp-json\/wp\/v2\/product\/26775","targetHints":{"allow":["GET"]}}],"collection":[{"href":"https:\/\/www.museuhistoricosl.com.br\/loja\/wp-json\/wp\/v2\/product"}],"about":[{"href":"https:\/\/www.museuhistoricosl.com.br\/loja\/wp-json\/wp\/v2\/types\/product"}],"replies":[{"embeddable":true,"href":"https:\/\/www.museuhistoricosl.com.br\/loja\/wp-json\/wp\/v2\/comments?post=26775"}],"wp:featuredmedia":[{"embeddable":true,"href":"https:\/\/www.museuhistoricosl.com.br\/loja\/wp-json\/wp\/v2\/media\/26774"}],"wp:attachment":[{"href":"https:\/\/www.museuhistoricosl.com.br\/loja\/wp-json\/wp\/v2\/media?parent=26775"}],"wp:term":[{"taxonomy":"product_cat","embeddable":true,"href":"https:\/\/www.museuhistoricosl.com.br\/loja\/wp-json\/wp\/v2\/product_cat?post=26775"},{"taxonomy":"product_tag","embeddable":true,"href":"https:\/\/www.museuhistoricosl.com.br\/loja\/wp-json\/wp\/v2\/product_tag?post=26775"}],"curies":[{"name":"wp","href":"https:\/\/api.w.org\/{rel}","templated":true}]}}