{"id":26717,"date":"2022-01-06T08:37:48","date_gmt":"2022-01-06T11:37:48","guid":{"rendered":"https:\/\/www.museuhistoricosl.com.br\/loja\/produto\/sl036-fd-0882\/"},"modified":"2022-01-06T08:37:48","modified_gmt":"2022-01-06T11:37:48","slug":"sl036-fd-0882","status":"publish","type":"product","link":"https:\/\/www.museuhistoricosl.com.br\/loja\/produto\/sl036-fd-0882\/","title":{"rendered":"SL036-FD-0882"},"content":{"rendered":"<p>Esportes, Basquete, equipe veterana, em p\u00e9: Jo\u00e3o Martini, Gilberto Wild, Paulo Koch, Einar Berger, Erwin Konrayh, R\u00e9gis Porto, Germano Winckelr Filho (tita), agachados: Claudio Nilson, Jo\u00e3o Bergano, Alfredo Grams, Renato Bergano e Nilo Rigobello; Esportes; <\/p>\n","protected":false},"excerpt":{"rendered":"<p>Esportes, Basquete, equipe veterana, em p\u00e9: Jo\u00e3o Martini, Gilberto Wild, Paulo Koch, Einar Berger, Erwin Konrayh, R\u00e9gis Porto, Germano Winckelr<\/p>\n","protected":false},"featured_media":26716,"comment_status":"open","ping_status":"closed","template":"","meta":{"_acf_changed":false},"product_cat":[61],"product_tag":[],"class_list":["post-26717","product","type-product","status-publish","has-post-thumbnail","hentry","product_cat-esportes"],"acf":[],"_links":{"self":[{"href":"https:\/\/www.museuhistoricosl.com.br\/loja\/wp-json\/wp\/v2\/product\/26717","targetHints":{"allow":["GET"]}}],"collection":[{"href":"https:\/\/www.museuhistoricosl.com.br\/loja\/wp-json\/wp\/v2\/product"}],"about":[{"href":"https:\/\/www.museuhistoricosl.com.br\/loja\/wp-json\/wp\/v2\/types\/product"}],"replies":[{"embeddable":true,"href":"https:\/\/www.museuhistoricosl.com.br\/loja\/wp-json\/wp\/v2\/comments?post=26717"}],"wp:featuredmedia":[{"embeddable":true,"href":"https:\/\/www.museuhistoricosl.com.br\/loja\/wp-json\/wp\/v2\/media\/26716"}],"wp:attachment":[{"href":"https:\/\/www.museuhistoricosl.com.br\/loja\/wp-json\/wp\/v2\/media?parent=26717"}],"wp:term":[{"taxonomy":"product_cat","embeddable":true,"href":"https:\/\/www.museuhistoricosl.com.br\/loja\/wp-json\/wp\/v2\/product_cat?post=26717"},{"taxonomy":"product_tag","embeddable":true,"href":"https:\/\/www.museuhistoricosl.com.br\/loja\/wp-json\/wp\/v2\/product_tag?post=26717"}],"curies":[{"name":"wp","href":"https:\/\/api.w.org\/{rel}","templated":true}]}}