{"id":26685,"date":"2022-01-06T08:37:39","date_gmt":"2022-01-06T11:37:39","guid":{"rendered":"https:\/\/www.museuhistoricosl.com.br\/loja\/produto\/sl036-fd-0866\/"},"modified":"2022-01-06T08:37:39","modified_gmt":"2022-01-06T11:37:39","slug":"sl036-fd-0866","status":"publish","type":"product","link":"https:\/\/www.museuhistoricosl.com.br\/loja\/produto\/sl036-fd-0866\/","title":{"rendered":"SL036-FD-0866"},"content":{"rendered":"<p>Esportes, ele\u00e7\u00e3o do Brasil, III Copa Am\u00e9rica de Futsal, Gin\u00e1sio de esportes, Foto Thomas, 31\/07\/1997; Esportes; <\/p>\n","protected":false},"excerpt":{"rendered":"<p>Esportes, ele\u00e7\u00e3o do Brasil, III Copa Am\u00e9rica de Futsal, Gin\u00e1sio de esportes, Foto Thomas, 31\/07\/1997; Esportes;<\/p>\n","protected":false},"featured_media":26684,"comment_status":"open","ping_status":"closed","template":"","meta":{"_acf_changed":false},"product_cat":[61],"product_tag":[],"class_list":["post-26685","product","type-product","status-publish","has-post-thumbnail","hentry","product_cat-esportes"],"acf":[],"_links":{"self":[{"href":"https:\/\/www.museuhistoricosl.com.br\/loja\/wp-json\/wp\/v2\/product\/26685","targetHints":{"allow":["GET"]}}],"collection":[{"href":"https:\/\/www.museuhistoricosl.com.br\/loja\/wp-json\/wp\/v2\/product"}],"about":[{"href":"https:\/\/www.museuhistoricosl.com.br\/loja\/wp-json\/wp\/v2\/types\/product"}],"replies":[{"embeddable":true,"href":"https:\/\/www.museuhistoricosl.com.br\/loja\/wp-json\/wp\/v2\/comments?post=26685"}],"wp:featuredmedia":[{"embeddable":true,"href":"https:\/\/www.museuhistoricosl.com.br\/loja\/wp-json\/wp\/v2\/media\/26684"}],"wp:attachment":[{"href":"https:\/\/www.museuhistoricosl.com.br\/loja\/wp-json\/wp\/v2\/media?parent=26685"}],"wp:term":[{"taxonomy":"product_cat","embeddable":true,"href":"https:\/\/www.museuhistoricosl.com.br\/loja\/wp-json\/wp\/v2\/product_cat?post=26685"},{"taxonomy":"product_tag","embeddable":true,"href":"https:\/\/www.museuhistoricosl.com.br\/loja\/wp-json\/wp\/v2\/product_tag?post=26685"}],"curies":[{"name":"wp","href":"https:\/\/api.w.org\/{rel}","templated":true}]}}