{"id":26523,"date":"2022-01-06T08:36:42","date_gmt":"2022-01-06T11:36:42","guid":{"rendered":"https:\/\/www.museuhistoricosl.com.br\/loja\/produto\/sl036-fd-0785\/"},"modified":"2022-01-06T08:36:42","modified_gmt":"2022-01-06T11:36:42","slug":"sl036-fd-0785","status":"publish","type":"product","link":"https:\/\/www.museuhistoricosl.com.br\/loja\/produto\/sl036-fd-0785\/","title":{"rendered":"SL036-FD-0785"},"content":{"rendered":"<p>Esportes, Gr\u00eamio 2 x 0 Portuguesa, Gr\u00eamio Bicampe\u00e3o Brasileiro, em P.A., festa na Independ\u00eancia, Foto Thomas, 15\/12\/1996; Esportes; <\/p>\n","protected":false},"excerpt":{"rendered":"<p>Esportes, Gr\u00eamio 2 x 0 Portuguesa, Gr\u00eamio Bicampe\u00e3o Brasileiro, em P.A., festa na Independ\u00eancia, Foto Thomas, 15\/12\/1996; Esportes;<\/p>\n","protected":false},"featured_media":26522,"comment_status":"open","ping_status":"closed","template":"","meta":{"_acf_changed":false},"product_cat":[61],"product_tag":[],"class_list":["post-26523","product","type-product","status-publish","has-post-thumbnail","hentry","product_cat-esportes"],"acf":[],"_links":{"self":[{"href":"https:\/\/www.museuhistoricosl.com.br\/loja\/wp-json\/wp\/v2\/product\/26523","targetHints":{"allow":["GET"]}}],"collection":[{"href":"https:\/\/www.museuhistoricosl.com.br\/loja\/wp-json\/wp\/v2\/product"}],"about":[{"href":"https:\/\/www.museuhistoricosl.com.br\/loja\/wp-json\/wp\/v2\/types\/product"}],"replies":[{"embeddable":true,"href":"https:\/\/www.museuhistoricosl.com.br\/loja\/wp-json\/wp\/v2\/comments?post=26523"}],"wp:featuredmedia":[{"embeddable":true,"href":"https:\/\/www.museuhistoricosl.com.br\/loja\/wp-json\/wp\/v2\/media\/26522"}],"wp:attachment":[{"href":"https:\/\/www.museuhistoricosl.com.br\/loja\/wp-json\/wp\/v2\/media?parent=26523"}],"wp:term":[{"taxonomy":"product_cat","embeddable":true,"href":"https:\/\/www.museuhistoricosl.com.br\/loja\/wp-json\/wp\/v2\/product_cat?post=26523"},{"taxonomy":"product_tag","embeddable":true,"href":"https:\/\/www.museuhistoricosl.com.br\/loja\/wp-json\/wp\/v2\/product_tag?post=26523"}],"curies":[{"name":"wp","href":"https:\/\/api.w.org\/{rel}","templated":true}]}}