{"id":26479,"date":"2022-01-06T08:36:25","date_gmt":"2022-01-06T11:36:25","guid":{"rendered":"https:\/\/www.museuhistoricosl.com.br\/loja\/produto\/sl036-fd-0763\/"},"modified":"2022-01-06T08:36:25","modified_gmt":"2022-01-06T11:36:25","slug":"sl036-fd-0763","status":"publish","type":"product","link":"https:\/\/www.museuhistoricosl.com.br\/loja\/produto\/sl036-fd-0763\/","title":{"rendered":"SL036-FD-0763"},"content":{"rendered":"<p>Esportes, Basquete, Roberto Potuclh, Abdr\u00e9 Valm\u00f3rbida, Joel Giezta, Luciano Muller, R\u00e9gis Wolker, Vicente Sim\u00f5es, Paulinho Kock, \u00e8sar Dagostin, Renato Karval Jr., 1982; Esportes; <\/p>\n","protected":false},"excerpt":{"rendered":"<p>Esportes, Basquete, Roberto Potuclh, Abdr\u00e9 Valm\u00f3rbida, Joel Giezta, Luciano Muller, R\u00e9gis Wolker, Vicente Sim\u00f5es, Paulinho Kock, \u00e8sar Dagostin, Renato Karval<\/p>\n","protected":false},"featured_media":26478,"comment_status":"open","ping_status":"closed","template":"","meta":{"_acf_changed":false},"product_cat":[61],"product_tag":[],"class_list":["post-26479","product","type-product","status-publish","has-post-thumbnail","hentry","product_cat-esportes"],"acf":[],"_links":{"self":[{"href":"https:\/\/www.museuhistoricosl.com.br\/loja\/wp-json\/wp\/v2\/product\/26479","targetHints":{"allow":["GET"]}}],"collection":[{"href":"https:\/\/www.museuhistoricosl.com.br\/loja\/wp-json\/wp\/v2\/product"}],"about":[{"href":"https:\/\/www.museuhistoricosl.com.br\/loja\/wp-json\/wp\/v2\/types\/product"}],"replies":[{"embeddable":true,"href":"https:\/\/www.museuhistoricosl.com.br\/loja\/wp-json\/wp\/v2\/comments?post=26479"}],"wp:featuredmedia":[{"embeddable":true,"href":"https:\/\/www.museuhistoricosl.com.br\/loja\/wp-json\/wp\/v2\/media\/26478"}],"wp:attachment":[{"href":"https:\/\/www.museuhistoricosl.com.br\/loja\/wp-json\/wp\/v2\/media?parent=26479"}],"wp:term":[{"taxonomy":"product_cat","embeddable":true,"href":"https:\/\/www.museuhistoricosl.com.br\/loja\/wp-json\/wp\/v2\/product_cat?post=26479"},{"taxonomy":"product_tag","embeddable":true,"href":"https:\/\/www.museuhistoricosl.com.br\/loja\/wp-json\/wp\/v2\/product_tag?post=26479"}],"curies":[{"name":"wp","href":"https:\/\/api.w.org\/{rel}","templated":true}]}}