{"id":24940,"date":"2022-01-05T10:30:05","date_gmt":"2022-01-05T13:30:05","guid":{"rendered":"https:\/\/www.museuhistoricosl.com.br\/loja\/produto\/ss033-fd-0006\/"},"modified":"2022-01-05T10:30:05","modified_gmt":"2022-01-05T13:30:05","slug":"ss033-fd-0006","status":"publish","type":"product","link":"https:\/\/www.museuhistoricosl.com.br\/loja\/produto\/ss033-fd-0006\/","title":{"rendered":"SS033-FD-0006"},"content":{"rendered":"<p>Aluno &#8220;Nota Dez&#8221; Sapucaia do Sul, Representante da SMEC entrega o 2\u00ba pr\u00eamio para Diana Vilanova, diretora da E.E. \u00c9rico Ver\u00edssimo (ed. 25\/05\/1981); Escolas; <\/p>\n","protected":false},"excerpt":{"rendered":"<p>Aluno &#8220;Nota Dez&#8221; Sapucaia do Sul, Representante da SMEC entrega o 2\u00ba pr\u00eamio para Diana Vilanova, diretora da E.E. \u00c9rico<\/p>\n","protected":false},"featured_media":24939,"comment_status":"open","ping_status":"closed","template":"","meta":{"_acf_changed":false},"product_cat":[60],"product_tag":[],"class_list":["post-24940","product","type-product","status-publish","has-post-thumbnail","hentry","product_cat-escolas"],"acf":[],"_links":{"self":[{"href":"https:\/\/www.museuhistoricosl.com.br\/loja\/wp-json\/wp\/v2\/product\/24940","targetHints":{"allow":["GET"]}}],"collection":[{"href":"https:\/\/www.museuhistoricosl.com.br\/loja\/wp-json\/wp\/v2\/product"}],"about":[{"href":"https:\/\/www.museuhistoricosl.com.br\/loja\/wp-json\/wp\/v2\/types\/product"}],"replies":[{"embeddable":true,"href":"https:\/\/www.museuhistoricosl.com.br\/loja\/wp-json\/wp\/v2\/comments?post=24940"}],"wp:featuredmedia":[{"embeddable":true,"href":"https:\/\/www.museuhistoricosl.com.br\/loja\/wp-json\/wp\/v2\/media\/24939"}],"wp:attachment":[{"href":"https:\/\/www.museuhistoricosl.com.br\/loja\/wp-json\/wp\/v2\/media?parent=24940"}],"wp:term":[{"taxonomy":"product_cat","embeddable":true,"href":"https:\/\/www.museuhistoricosl.com.br\/loja\/wp-json\/wp\/v2\/product_cat?post=24940"},{"taxonomy":"product_tag","embeddable":true,"href":"https:\/\/www.museuhistoricosl.com.br\/loja\/wp-json\/wp\/v2\/product_tag?post=24940"}],"curies":[{"name":"wp","href":"https:\/\/api.w.org\/{rel}","templated":true}]}}