{"id":24774,"date":"2022-01-05T10:28:23","date_gmt":"2022-01-05T13:28:23","guid":{"rendered":"https:\/\/www.museuhistoricosl.com.br\/loja\/produto\/sl033-fd-1814\/"},"modified":"2022-01-05T10:28:23","modified_gmt":"2022-01-05T13:28:23","slug":"sl033-fd-1814","status":"publish","type":"product","link":"https:\/\/www.museuhistoricosl.com.br\/loja\/produto\/sl033-fd-1814\/","title":{"rendered":"SL033-FD-1814"},"content":{"rendered":"<p>Escola Sagrado Cora\u00e7\u00e3o de Jesus, Bairro Scharlau, Alunos da 5\u00aa s\u00e9rie B, recebendo material da promo\u00e7\u00e3o &#8220;VS leva um estudante aos Estados Unidos&#8221;, 17\/10\/1984; Escolas; <\/p>\n","protected":false},"excerpt":{"rendered":"<p>Escola Sagrado Cora\u00e7\u00e3o de Jesus, Bairro Scharlau, Alunos da 5\u00aa s\u00e9rie B, recebendo material da promo\u00e7\u00e3o &#8220;VS leva um estudante<\/p>\n","protected":false},"featured_media":24773,"comment_status":"open","ping_status":"closed","template":"","meta":{"_acf_changed":false},"product_cat":[60],"product_tag":[],"class_list":["post-24774","product","type-product","status-publish","has-post-thumbnail","hentry","product_cat-escolas"],"acf":[],"_links":{"self":[{"href":"https:\/\/www.museuhistoricosl.com.br\/loja\/wp-json\/wp\/v2\/product\/24774","targetHints":{"allow":["GET"]}}],"collection":[{"href":"https:\/\/www.museuhistoricosl.com.br\/loja\/wp-json\/wp\/v2\/product"}],"about":[{"href":"https:\/\/www.museuhistoricosl.com.br\/loja\/wp-json\/wp\/v2\/types\/product"}],"replies":[{"embeddable":true,"href":"https:\/\/www.museuhistoricosl.com.br\/loja\/wp-json\/wp\/v2\/comments?post=24774"}],"wp:featuredmedia":[{"embeddable":true,"href":"https:\/\/www.museuhistoricosl.com.br\/loja\/wp-json\/wp\/v2\/media\/24773"}],"wp:attachment":[{"href":"https:\/\/www.museuhistoricosl.com.br\/loja\/wp-json\/wp\/v2\/media?parent=24774"}],"wp:term":[{"taxonomy":"product_cat","embeddable":true,"href":"https:\/\/www.museuhistoricosl.com.br\/loja\/wp-json\/wp\/v2\/product_cat?post=24774"},{"taxonomy":"product_tag","embeddable":true,"href":"https:\/\/www.museuhistoricosl.com.br\/loja\/wp-json\/wp\/v2\/product_tag?post=24774"}],"curies":[{"name":"wp","href":"https:\/\/api.w.org\/{rel}","templated":true}]}}