{"id":24760,"date":"2022-01-05T10:28:16","date_gmt":"2022-01-05T13:28:16","guid":{"rendered":"https:\/\/www.museuhistoricosl.com.br\/loja\/produto\/sl033-fd-1807\/"},"modified":"2022-01-05T10:28:16","modified_gmt":"2022-01-05T13:28:16","slug":"sl033-fd-1807","status":"publish","type":"product","link":"https:\/\/www.museuhistoricosl.com.br\/loja\/produto\/sl033-fd-1807\/","title":{"rendered":"SL033-FD-1807"},"content":{"rendered":"<p>C\u00edrculo Oper\u00e1rio Leopoldense, Alunos da Creche Medianeira do C\u00edculo Oper\u00e1rio, visitam o &#8220;VS&#8221; pelo anivers\u00e1rio, 12\/11\/1984; Escolas; <\/p>\n","protected":false},"excerpt":{"rendered":"<p>C\u00edrculo Oper\u00e1rio Leopoldense, Alunos da Creche Medianeira do C\u00edculo Oper\u00e1rio, visitam o &#8220;VS&#8221; pelo anivers\u00e1rio, 12\/11\/1984; Escolas;<\/p>\n","protected":false},"featured_media":24759,"comment_status":"open","ping_status":"closed","template":"","meta":{"_acf_changed":false},"product_cat":[60],"product_tag":[],"class_list":["post-24760","product","type-product","status-publish","has-post-thumbnail","hentry","product_cat-escolas"],"acf":[],"_links":{"self":[{"href":"https:\/\/www.museuhistoricosl.com.br\/loja\/wp-json\/wp\/v2\/product\/24760","targetHints":{"allow":["GET"]}}],"collection":[{"href":"https:\/\/www.museuhistoricosl.com.br\/loja\/wp-json\/wp\/v2\/product"}],"about":[{"href":"https:\/\/www.museuhistoricosl.com.br\/loja\/wp-json\/wp\/v2\/types\/product"}],"replies":[{"embeddable":true,"href":"https:\/\/www.museuhistoricosl.com.br\/loja\/wp-json\/wp\/v2\/comments?post=24760"}],"wp:featuredmedia":[{"embeddable":true,"href":"https:\/\/www.museuhistoricosl.com.br\/loja\/wp-json\/wp\/v2\/media\/24759"}],"wp:attachment":[{"href":"https:\/\/www.museuhistoricosl.com.br\/loja\/wp-json\/wp\/v2\/media?parent=24760"}],"wp:term":[{"taxonomy":"product_cat","embeddable":true,"href":"https:\/\/www.museuhistoricosl.com.br\/loja\/wp-json\/wp\/v2\/product_cat?post=24760"},{"taxonomy":"product_tag","embeddable":true,"href":"https:\/\/www.museuhistoricosl.com.br\/loja\/wp-json\/wp\/v2\/product_tag?post=24760"}],"curies":[{"name":"wp","href":"https:\/\/api.w.org\/{rel}","templated":true}]}}