{"id":24724,"date":"2022-01-05T10:27:56","date_gmt":"2022-01-05T13:27:56","guid":{"rendered":"https:\/\/www.museuhistoricosl.com.br\/loja\/produto\/sl033-fd-1789\/"},"modified":"2022-01-05T10:27:56","modified_gmt":"2022-01-05T13:27:56","slug":"sl033-fd-1789","status":"publish","type":"product","link":"https:\/\/www.museuhistoricosl.com.br\/loja\/produto\/sl033-fd-1789\/","title":{"rendered":"SL033-FD-1789"},"content":{"rendered":"<p>Escola Municipal Professora Ot\u00edlia Carvalho Rieth de I Grau Incompleto, inaugura\u00e7\u00e3o de salas de aula, 25\/10\/1984; Escolas; <\/p>\n","protected":false},"excerpt":{"rendered":"<p>Escola Municipal Professora Ot\u00edlia Carvalho Rieth de I Grau Incompleto, inaugura\u00e7\u00e3o de salas de aula, 25\/10\/1984; Escolas;<\/p>\n","protected":false},"featured_media":24723,"comment_status":"open","ping_status":"closed","template":"","meta":{"_acf_changed":false},"product_cat":[60],"product_tag":[],"class_list":["post-24724","product","type-product","status-publish","has-post-thumbnail","hentry","product_cat-escolas"],"acf":[],"_links":{"self":[{"href":"https:\/\/www.museuhistoricosl.com.br\/loja\/wp-json\/wp\/v2\/product\/24724","targetHints":{"allow":["GET"]}}],"collection":[{"href":"https:\/\/www.museuhistoricosl.com.br\/loja\/wp-json\/wp\/v2\/product"}],"about":[{"href":"https:\/\/www.museuhistoricosl.com.br\/loja\/wp-json\/wp\/v2\/types\/product"}],"replies":[{"embeddable":true,"href":"https:\/\/www.museuhistoricosl.com.br\/loja\/wp-json\/wp\/v2\/comments?post=24724"}],"wp:featuredmedia":[{"embeddable":true,"href":"https:\/\/www.museuhistoricosl.com.br\/loja\/wp-json\/wp\/v2\/media\/24723"}],"wp:attachment":[{"href":"https:\/\/www.museuhistoricosl.com.br\/loja\/wp-json\/wp\/v2\/media?parent=24724"}],"wp:term":[{"taxonomy":"product_cat","embeddable":true,"href":"https:\/\/www.museuhistoricosl.com.br\/loja\/wp-json\/wp\/v2\/product_cat?post=24724"},{"taxonomy":"product_tag","embeddable":true,"href":"https:\/\/www.museuhistoricosl.com.br\/loja\/wp-json\/wp\/v2\/product_tag?post=24724"}],"curies":[{"name":"wp","href":"https:\/\/api.w.org\/{rel}","templated":true}]}}