{"id":24712,"date":"2022-01-05T10:27:50","date_gmt":"2022-01-05T13:27:50","guid":{"rendered":"https:\/\/www.museuhistoricosl.com.br\/loja\/produto\/sl033-fd-1783\/"},"modified":"2022-01-05T10:27:50","modified_gmt":"2022-01-05T13:27:50","slug":"sl033-fd-1783","status":"publish","type":"product","link":"https:\/\/www.museuhistoricosl.com.br\/loja\/produto\/sl033-fd-1783\/","title":{"rendered":"SL033-FD-1783"},"content":{"rendered":"<p>Escola Estadual Frederico Guilherme Schmidt, XIII Semin\u00e1rio de eletrot\u00e9cnica e eletromec\u00e2nica , 29\/09\/1984; Escolas; <\/p>\n","protected":false},"excerpt":{"rendered":"<p>Escola Estadual Frederico Guilherme Schmidt, XIII Semin\u00e1rio de eletrot\u00e9cnica e eletromec\u00e2nica , 29\/09\/1984; Escolas;<\/p>\n","protected":false},"featured_media":24711,"comment_status":"open","ping_status":"closed","template":"","meta":{"_acf_changed":false},"product_cat":[60],"product_tag":[],"class_list":["post-24712","product","type-product","status-publish","has-post-thumbnail","hentry","product_cat-escolas"],"acf":[],"_links":{"self":[{"href":"https:\/\/www.museuhistoricosl.com.br\/loja\/wp-json\/wp\/v2\/product\/24712","targetHints":{"allow":["GET"]}}],"collection":[{"href":"https:\/\/www.museuhistoricosl.com.br\/loja\/wp-json\/wp\/v2\/product"}],"about":[{"href":"https:\/\/www.museuhistoricosl.com.br\/loja\/wp-json\/wp\/v2\/types\/product"}],"replies":[{"embeddable":true,"href":"https:\/\/www.museuhistoricosl.com.br\/loja\/wp-json\/wp\/v2\/comments?post=24712"}],"wp:featuredmedia":[{"embeddable":true,"href":"https:\/\/www.museuhistoricosl.com.br\/loja\/wp-json\/wp\/v2\/media\/24711"}],"wp:attachment":[{"href":"https:\/\/www.museuhistoricosl.com.br\/loja\/wp-json\/wp\/v2\/media?parent=24712"}],"wp:term":[{"taxonomy":"product_cat","embeddable":true,"href":"https:\/\/www.museuhistoricosl.com.br\/loja\/wp-json\/wp\/v2\/product_cat?post=24712"},{"taxonomy":"product_tag","embeddable":true,"href":"https:\/\/www.museuhistoricosl.com.br\/loja\/wp-json\/wp\/v2\/product_tag?post=24712"}],"curies":[{"name":"wp","href":"https:\/\/api.w.org\/{rel}","templated":true}]}}