{"id":24702,"date":"2022-01-05T10:27:41","date_gmt":"2022-01-05T13:27:41","guid":{"rendered":"https:\/\/www.museuhistoricosl.com.br\/loja\/produto\/sl033-fd-1778\/"},"modified":"2022-01-05T10:27:41","modified_gmt":"2022-01-05T13:27:41","slug":"sl033-fd-1778","status":"publish","type":"product","link":"https:\/\/www.museuhistoricosl.com.br\/loja\/produto\/sl033-fd-1778\/","title":{"rendered":"SL033-FD-1778"},"content":{"rendered":"<p>Escola Estadual Frederico Guilherme Schmidt, Debate sobre futebol na programa\u00e7\u00e3o de anivers\u00e1rio da escola, presen\u00e7a de Jo\u00e3o Nassif, 11\/06\/1984; Escolas; <\/p>\n","protected":false},"excerpt":{"rendered":"<p>Escola Estadual Frederico Guilherme Schmidt, Debate sobre futebol na programa\u00e7\u00e3o de anivers\u00e1rio da escola, presen\u00e7a de Jo\u00e3o Nassif, 11\/06\/1984; Escolas;<\/p>\n","protected":false},"featured_media":24701,"comment_status":"open","ping_status":"closed","template":"","meta":{"_acf_changed":false},"product_cat":[60],"product_tag":[],"class_list":["post-24702","product","type-product","status-publish","has-post-thumbnail","hentry","product_cat-escolas"],"acf":[],"_links":{"self":[{"href":"https:\/\/www.museuhistoricosl.com.br\/loja\/wp-json\/wp\/v2\/product\/24702","targetHints":{"allow":["GET"]}}],"collection":[{"href":"https:\/\/www.museuhistoricosl.com.br\/loja\/wp-json\/wp\/v2\/product"}],"about":[{"href":"https:\/\/www.museuhistoricosl.com.br\/loja\/wp-json\/wp\/v2\/types\/product"}],"replies":[{"embeddable":true,"href":"https:\/\/www.museuhistoricosl.com.br\/loja\/wp-json\/wp\/v2\/comments?post=24702"}],"wp:featuredmedia":[{"embeddable":true,"href":"https:\/\/www.museuhistoricosl.com.br\/loja\/wp-json\/wp\/v2\/media\/24701"}],"wp:attachment":[{"href":"https:\/\/www.museuhistoricosl.com.br\/loja\/wp-json\/wp\/v2\/media?parent=24702"}],"wp:term":[{"taxonomy":"product_cat","embeddable":true,"href":"https:\/\/www.museuhistoricosl.com.br\/loja\/wp-json\/wp\/v2\/product_cat?post=24702"},{"taxonomy":"product_tag","embeddable":true,"href":"https:\/\/www.museuhistoricosl.com.br\/loja\/wp-json\/wp\/v2\/product_tag?post=24702"}],"curies":[{"name":"wp","href":"https:\/\/api.w.org\/{rel}","templated":true}]}}