{"id":24642,"date":"2022-01-05T10:27:06","date_gmt":"2022-01-05T13:27:06","guid":{"rendered":"https:\/\/www.museuhistoricosl.com.br\/loja\/produto\/sl033-fd-1748\/"},"modified":"2022-01-05T10:27:06","modified_gmt":"2022-01-05T13:27:06","slug":"sl033-fd-1748","status":"publish","type":"product","link":"https:\/\/www.museuhistoricosl.com.br\/loja\/produto\/sl033-fd-1748\/","title":{"rendered":"SL033-FD-1748"},"content":{"rendered":"<p>Escola Estadual Aracy de Paula Hofmann ( Escola Especial ), Inaugura\u00e7\u00e3o do novo pr\u00e9dio da escola, 02\/05\/1985; Escolas; <\/p>\n","protected":false},"excerpt":{"rendered":"<p>Escola Estadual Aracy de Paula Hofmann ( Escola Especial ), Inaugura\u00e7\u00e3o do novo pr\u00e9dio da escola, 02\/05\/1985; Escolas;<\/p>\n","protected":false},"featured_media":24641,"comment_status":"open","ping_status":"closed","template":"","meta":{"_acf_changed":false},"product_cat":[60],"product_tag":[],"class_list":["post-24642","product","type-product","status-publish","has-post-thumbnail","hentry","product_cat-escolas"],"acf":[],"_links":{"self":[{"href":"https:\/\/www.museuhistoricosl.com.br\/loja\/wp-json\/wp\/v2\/product\/24642","targetHints":{"allow":["GET"]}}],"collection":[{"href":"https:\/\/www.museuhistoricosl.com.br\/loja\/wp-json\/wp\/v2\/product"}],"about":[{"href":"https:\/\/www.museuhistoricosl.com.br\/loja\/wp-json\/wp\/v2\/types\/product"}],"replies":[{"embeddable":true,"href":"https:\/\/www.museuhistoricosl.com.br\/loja\/wp-json\/wp\/v2\/comments?post=24642"}],"wp:featuredmedia":[{"embeddable":true,"href":"https:\/\/www.museuhistoricosl.com.br\/loja\/wp-json\/wp\/v2\/media\/24641"}],"wp:attachment":[{"href":"https:\/\/www.museuhistoricosl.com.br\/loja\/wp-json\/wp\/v2\/media?parent=24642"}],"wp:term":[{"taxonomy":"product_cat","embeddable":true,"href":"https:\/\/www.museuhistoricosl.com.br\/loja\/wp-json\/wp\/v2\/product_cat?post=24642"},{"taxonomy":"product_tag","embeddable":true,"href":"https:\/\/www.museuhistoricosl.com.br\/loja\/wp-json\/wp\/v2\/product_tag?post=24642"}],"curies":[{"name":"wp","href":"https:\/\/api.w.org\/{rel}","templated":true}]}}