{"id":24476,"date":"2022-01-05T10:25:02","date_gmt":"2022-01-05T13:25:02","guid":{"rendered":"https:\/\/www.museuhistoricosl.com.br\/loja\/produto\/sl033-fd-1665\/"},"modified":"2022-01-05T10:25:02","modified_gmt":"2022-01-05T13:25:02","slug":"sl033-fd-1665","status":"publish","type":"product","link":"https:\/\/www.museuhistoricosl.com.br\/loja\/produto\/sl033-fd-1665\/","title":{"rendered":"SL033-FD-1665"},"content":{"rendered":"<p>Escola Municipal Dr. Paulo da Silva Couto, rod\u00edzio de livros, impanta\u00e7\u00e3o de estante de livros infantis, 17\/04\/1984; Escolas; <\/p>\n","protected":false},"excerpt":{"rendered":"<p>Escola Municipal Dr. Paulo da Silva Couto, rod\u00edzio de livros, impanta\u00e7\u00e3o de estante de livros infantis, 17\/04\/1984; Escolas;<\/p>\n","protected":false},"featured_media":24475,"comment_status":"open","ping_status":"closed","template":"","meta":{"_acf_changed":false},"product_cat":[60],"product_tag":[],"class_list":["post-24476","product","type-product","status-publish","has-post-thumbnail","hentry","product_cat-escolas"],"acf":[],"_links":{"self":[{"href":"https:\/\/www.museuhistoricosl.com.br\/loja\/wp-json\/wp\/v2\/product\/24476","targetHints":{"allow":["GET"]}}],"collection":[{"href":"https:\/\/www.museuhistoricosl.com.br\/loja\/wp-json\/wp\/v2\/product"}],"about":[{"href":"https:\/\/www.museuhistoricosl.com.br\/loja\/wp-json\/wp\/v2\/types\/product"}],"replies":[{"embeddable":true,"href":"https:\/\/www.museuhistoricosl.com.br\/loja\/wp-json\/wp\/v2\/comments?post=24476"}],"wp:featuredmedia":[{"embeddable":true,"href":"https:\/\/www.museuhistoricosl.com.br\/loja\/wp-json\/wp\/v2\/media\/24475"}],"wp:attachment":[{"href":"https:\/\/www.museuhistoricosl.com.br\/loja\/wp-json\/wp\/v2\/media?parent=24476"}],"wp:term":[{"taxonomy":"product_cat","embeddable":true,"href":"https:\/\/www.museuhistoricosl.com.br\/loja\/wp-json\/wp\/v2\/product_cat?post=24476"},{"taxonomy":"product_tag","embeddable":true,"href":"https:\/\/www.museuhistoricosl.com.br\/loja\/wp-json\/wp\/v2\/product_tag?post=24476"}],"curies":[{"name":"wp","href":"https:\/\/api.w.org\/{rel}","templated":true}]}}