{"id":24304,"date":"2022-01-05T10:23:17","date_gmt":"2022-01-05T13:23:17","guid":{"rendered":"https:\/\/www.museuhistoricosl.com.br\/loja\/produto\/sl033-fd-1578\/"},"modified":"2022-01-05T10:23:17","modified_gmt":"2022-01-05T13:23:17","slug":"sl033-fd-1578","status":"publish","type":"product","link":"https:\/\/www.museuhistoricosl.com.br\/loja\/produto\/sl033-fd-1578\/","title":{"rendered":"SL033-FD-1578"},"content":{"rendered":"<p>Escola Sagrado Cora\u00e7\u00e3o de Jesus, Bairro Scharlau, S\u00e3o Leopoldo, alunos provocam painel de debates sobre realidade do bairro Scharlau, 27\/11\/1985; Escolas; <\/p>\n","protected":false},"excerpt":{"rendered":"<p>Escola Sagrado Cora\u00e7\u00e3o de Jesus, Bairro Scharlau, S\u00e3o Leopoldo, alunos provocam painel de debates sobre realidade do bairro Scharlau, 27\/11\/1985;<\/p>\n","protected":false},"featured_media":24303,"comment_status":"open","ping_status":"closed","template":"","meta":{"_acf_changed":false},"product_cat":[60],"product_tag":[],"class_list":["post-24304","product","type-product","status-publish","has-post-thumbnail","hentry","product_cat-escolas"],"acf":[],"_links":{"self":[{"href":"https:\/\/www.museuhistoricosl.com.br\/loja\/wp-json\/wp\/v2\/product\/24304","targetHints":{"allow":["GET"]}}],"collection":[{"href":"https:\/\/www.museuhistoricosl.com.br\/loja\/wp-json\/wp\/v2\/product"}],"about":[{"href":"https:\/\/www.museuhistoricosl.com.br\/loja\/wp-json\/wp\/v2\/types\/product"}],"replies":[{"embeddable":true,"href":"https:\/\/www.museuhistoricosl.com.br\/loja\/wp-json\/wp\/v2\/comments?post=24304"}],"wp:featuredmedia":[{"embeddable":true,"href":"https:\/\/www.museuhistoricosl.com.br\/loja\/wp-json\/wp\/v2\/media\/24303"}],"wp:attachment":[{"href":"https:\/\/www.museuhistoricosl.com.br\/loja\/wp-json\/wp\/v2\/media?parent=24304"}],"wp:term":[{"taxonomy":"product_cat","embeddable":true,"href":"https:\/\/www.museuhistoricosl.com.br\/loja\/wp-json\/wp\/v2\/product_cat?post=24304"},{"taxonomy":"product_tag","embeddable":true,"href":"https:\/\/www.museuhistoricosl.com.br\/loja\/wp-json\/wp\/v2\/product_tag?post=24304"}],"curies":[{"name":"wp","href":"https:\/\/api.w.org\/{rel}","templated":true}]}}