{"id":24300,"date":"2022-01-05T10:23:15","date_gmt":"2022-01-05T13:23:15","guid":{"rendered":"https:\/\/www.museuhistoricosl.com.br\/loja\/produto\/sl033-fd-1576\/"},"modified":"2022-01-05T10:23:15","modified_gmt":"2022-01-05T13:23:15","slug":"sl033-fd-1576","status":"publish","type":"product","link":"https:\/\/www.museuhistoricosl.com.br\/loja\/produto\/sl033-fd-1576\/","title":{"rendered":"SL033-FD-1576"},"content":{"rendered":"<p>Escola Sagrado Cora\u00e7\u00e3o de Jesus, Bairro Scharlau, S\u00e3o Leopoldo, Banda Marcial, Carrossel Feira da Cultura, 04\/05\/1985; Escolas; <\/p>\n","protected":false},"excerpt":{"rendered":"<p>Escola Sagrado Cora\u00e7\u00e3o de Jesus, Bairro Scharlau, S\u00e3o Leopoldo, Banda Marcial, Carrossel Feira da Cultura, 04\/05\/1985; Escolas;<\/p>\n","protected":false},"featured_media":24299,"comment_status":"open","ping_status":"closed","template":"","meta":{"_acf_changed":false},"product_cat":[60],"product_tag":[],"class_list":["post-24300","product","type-product","status-publish","has-post-thumbnail","hentry","product_cat-escolas"],"acf":[],"_links":{"self":[{"href":"https:\/\/www.museuhistoricosl.com.br\/loja\/wp-json\/wp\/v2\/product\/24300","targetHints":{"allow":["GET"]}}],"collection":[{"href":"https:\/\/www.museuhistoricosl.com.br\/loja\/wp-json\/wp\/v2\/product"}],"about":[{"href":"https:\/\/www.museuhistoricosl.com.br\/loja\/wp-json\/wp\/v2\/types\/product"}],"replies":[{"embeddable":true,"href":"https:\/\/www.museuhistoricosl.com.br\/loja\/wp-json\/wp\/v2\/comments?post=24300"}],"wp:featuredmedia":[{"embeddable":true,"href":"https:\/\/www.museuhistoricosl.com.br\/loja\/wp-json\/wp\/v2\/media\/24299"}],"wp:attachment":[{"href":"https:\/\/www.museuhistoricosl.com.br\/loja\/wp-json\/wp\/v2\/media?parent=24300"}],"wp:term":[{"taxonomy":"product_cat","embeddable":true,"href":"https:\/\/www.museuhistoricosl.com.br\/loja\/wp-json\/wp\/v2\/product_cat?post=24300"},{"taxonomy":"product_tag","embeddable":true,"href":"https:\/\/www.museuhistoricosl.com.br\/loja\/wp-json\/wp\/v2\/product_tag?post=24300"}],"curies":[{"name":"wp","href":"https:\/\/api.w.org\/{rel}","templated":true}]}}