{"id":24274,"date":"2022-01-05T10:22:49","date_gmt":"2022-01-05T13:22:49","guid":{"rendered":"https:\/\/www.museuhistoricosl.com.br\/loja\/produto\/sl033-fd-1563\/"},"modified":"2022-01-05T10:22:49","modified_gmt":"2022-01-05T13:22:49","slug":"sl033-fd-1563","status":"publish","type":"product","link":"https:\/\/www.museuhistoricosl.com.br\/loja\/produto\/sl033-fd-1563\/","title":{"rendered":"SL033-FD-1563"},"content":{"rendered":"<p>Grupo Escolar Municipal Professor Irm\u00e3o Weibert, exposi\u00e7\u00e3o da 2\u00ba fase da promo\u00e7\u00e3o &#8220;VS leva um estudante aos EUA&#8221;, 23\/10\/1984; Escolas; <\/p>\n","protected":false},"excerpt":{"rendered":"<p>Grupo Escolar Municipal Professor Irm\u00e3o Weibert, exposi\u00e7\u00e3o da 2\u00ba fase da promo\u00e7\u00e3o &#8220;VS leva um estudante aos EUA&#8221;, 23\/10\/1984; Escolas;<\/p>\n","protected":false},"featured_media":24273,"comment_status":"open","ping_status":"closed","template":"","meta":{"_acf_changed":false},"product_cat":[60],"product_tag":[],"class_list":["post-24274","product","type-product","status-publish","has-post-thumbnail","hentry","product_cat-escolas"],"acf":[],"_links":{"self":[{"href":"https:\/\/www.museuhistoricosl.com.br\/loja\/wp-json\/wp\/v2\/product\/24274","targetHints":{"allow":["GET"]}}],"collection":[{"href":"https:\/\/www.museuhistoricosl.com.br\/loja\/wp-json\/wp\/v2\/product"}],"about":[{"href":"https:\/\/www.museuhistoricosl.com.br\/loja\/wp-json\/wp\/v2\/types\/product"}],"replies":[{"embeddable":true,"href":"https:\/\/www.museuhistoricosl.com.br\/loja\/wp-json\/wp\/v2\/comments?post=24274"}],"wp:featuredmedia":[{"embeddable":true,"href":"https:\/\/www.museuhistoricosl.com.br\/loja\/wp-json\/wp\/v2\/media\/24273"}],"wp:attachment":[{"href":"https:\/\/www.museuhistoricosl.com.br\/loja\/wp-json\/wp\/v2\/media?parent=24274"}],"wp:term":[{"taxonomy":"product_cat","embeddable":true,"href":"https:\/\/www.museuhistoricosl.com.br\/loja\/wp-json\/wp\/v2\/product_cat?post=24274"},{"taxonomy":"product_tag","embeddable":true,"href":"https:\/\/www.museuhistoricosl.com.br\/loja\/wp-json\/wp\/v2\/product_tag?post=24274"}],"curies":[{"name":"wp","href":"https:\/\/api.w.org\/{rel}","templated":true}]}}