{"id":24208,"date":"2022-01-05T10:22:15","date_gmt":"2022-01-05T13:22:15","guid":{"rendered":"https:\/\/www.museuhistoricosl.com.br\/loja\/produto\/sl033-fd-1530\/"},"modified":"2022-01-05T10:22:15","modified_gmt":"2022-01-05T13:22:15","slug":"sl033-fd-1530","status":"publish","type":"product","link":"https:\/\/www.museuhistoricosl.com.br\/loja\/produto\/sl033-fd-1530\/","title":{"rendered":"SL033-FD-1530"},"content":{"rendered":"<p>Gin\u00e1sio Estadual Dr. Olindo Flores da Silva, Bairro Scharlau, Clebes Ferr\u00e3o assume dire\u00e7\u00e3o, posse da diretoria na escola, 21\/03\/1985; Escolas; <\/p>\n","protected":false},"excerpt":{"rendered":"<p>Gin\u00e1sio Estadual Dr. Olindo Flores da Silva, Bairro Scharlau, Clebes Ferr\u00e3o assume dire\u00e7\u00e3o, posse da diretoria na escola, 21\/03\/1985; Escolas;<\/p>\n","protected":false},"featured_media":24207,"comment_status":"open","ping_status":"closed","template":"","meta":{"_acf_changed":false},"product_cat":[60],"product_tag":[],"class_list":["post-24208","product","type-product","status-publish","has-post-thumbnail","hentry","product_cat-escolas"],"acf":[],"_links":{"self":[{"href":"https:\/\/www.museuhistoricosl.com.br\/loja\/wp-json\/wp\/v2\/product\/24208","targetHints":{"allow":["GET"]}}],"collection":[{"href":"https:\/\/www.museuhistoricosl.com.br\/loja\/wp-json\/wp\/v2\/product"}],"about":[{"href":"https:\/\/www.museuhistoricosl.com.br\/loja\/wp-json\/wp\/v2\/types\/product"}],"replies":[{"embeddable":true,"href":"https:\/\/www.museuhistoricosl.com.br\/loja\/wp-json\/wp\/v2\/comments?post=24208"}],"wp:featuredmedia":[{"embeddable":true,"href":"https:\/\/www.museuhistoricosl.com.br\/loja\/wp-json\/wp\/v2\/media\/24207"}],"wp:attachment":[{"href":"https:\/\/www.museuhistoricosl.com.br\/loja\/wp-json\/wp\/v2\/media?parent=24208"}],"wp:term":[{"taxonomy":"product_cat","embeddable":true,"href":"https:\/\/www.museuhistoricosl.com.br\/loja\/wp-json\/wp\/v2\/product_cat?post=24208"},{"taxonomy":"product_tag","embeddable":true,"href":"https:\/\/www.museuhistoricosl.com.br\/loja\/wp-json\/wp\/v2\/product_tag?post=24208"}],"curies":[{"name":"wp","href":"https:\/\/api.w.org\/{rel}","templated":true}]}}