{"id":24154,"date":"2022-01-05T10:21:44","date_gmt":"2022-01-05T13:21:44","guid":{"rendered":"https:\/\/www.museuhistoricosl.com.br\/loja\/produto\/sl033-fd-1503\/"},"modified":"2022-01-05T10:21:44","modified_gmt":"2022-01-05T13:21:44","slug":"sl033-fd-1503","status":"publish","type":"product","link":"https:\/\/www.museuhistoricosl.com.br\/loja\/produto\/sl033-fd-1503\/","title":{"rendered":"SL033-FD-1503"},"content":{"rendered":"<p>Escola Estadual de 1\u00ba Grau Incompleto Amadeo Rossi, Biblioteca M\u00e1rio Quintana, inaugura\u00e7\u00e3o, Foto Nilson, 28\/11\/1986; Escolas; <\/p>\n","protected":false},"excerpt":{"rendered":"<p>Escola Estadual de 1\u00ba Grau Incompleto Amadeo Rossi, Biblioteca M\u00e1rio Quintana, inaugura\u00e7\u00e3o, Foto Nilson, 28\/11\/1986; Escolas;<\/p>\n","protected":false},"featured_media":24153,"comment_status":"open","ping_status":"closed","template":"","meta":{"_acf_changed":false},"product_cat":[60],"product_tag":[],"class_list":["post-24154","product","type-product","status-publish","has-post-thumbnail","hentry","product_cat-escolas"],"acf":[],"_links":{"self":[{"href":"https:\/\/www.museuhistoricosl.com.br\/loja\/wp-json\/wp\/v2\/product\/24154","targetHints":{"allow":["GET"]}}],"collection":[{"href":"https:\/\/www.museuhistoricosl.com.br\/loja\/wp-json\/wp\/v2\/product"}],"about":[{"href":"https:\/\/www.museuhistoricosl.com.br\/loja\/wp-json\/wp\/v2\/types\/product"}],"replies":[{"embeddable":true,"href":"https:\/\/www.museuhistoricosl.com.br\/loja\/wp-json\/wp\/v2\/comments?post=24154"}],"wp:featuredmedia":[{"embeddable":true,"href":"https:\/\/www.museuhistoricosl.com.br\/loja\/wp-json\/wp\/v2\/media\/24153"}],"wp:attachment":[{"href":"https:\/\/www.museuhistoricosl.com.br\/loja\/wp-json\/wp\/v2\/media?parent=24154"}],"wp:term":[{"taxonomy":"product_cat","embeddable":true,"href":"https:\/\/www.museuhistoricosl.com.br\/loja\/wp-json\/wp\/v2\/product_cat?post=24154"},{"taxonomy":"product_tag","embeddable":true,"href":"https:\/\/www.museuhistoricosl.com.br\/loja\/wp-json\/wp\/v2\/product_tag?post=24154"}],"curies":[{"name":"wp","href":"https:\/\/api.w.org\/{rel}","templated":true}]}}