{"id":24126,"date":"2022-01-05T10:21:25","date_gmt":"2022-01-05T13:21:25","guid":{"rendered":"https:\/\/www.museuhistoricosl.com.br\/loja\/produto\/sl033-fd-1489\/"},"modified":"2022-01-05T10:21:25","modified_gmt":"2022-01-05T13:21:25","slug":"sl033-fd-1489","status":"publish","type":"product","link":"https:\/\/www.museuhistoricosl.com.br\/loja\/produto\/sl033-fd-1489\/","title":{"rendered":"SL033-FD-1489"},"content":{"rendered":"<p>Escola Estadual Municipal Franz Luiz Weinmann, Pl\u00e1ntio de \u00c1rvores, bairro Jardim Am\u00e9rica (pra\u00e7a), crian\u00e7as da escola; Escolas; <\/p>\n","protected":false},"excerpt":{"rendered":"<p>Escola Estadual Municipal Franz Luiz Weinmann, Pl\u00e1ntio de \u00c1rvores, bairro Jardim Am\u00e9rica (pra\u00e7a), crian\u00e7as da escola; Escolas;<\/p>\n","protected":false},"featured_media":24125,"comment_status":"open","ping_status":"closed","template":"","meta":{"_acf_changed":false},"product_cat":[60],"product_tag":[],"class_list":["post-24126","product","type-product","status-publish","has-post-thumbnail","hentry","product_cat-escolas"],"acf":[],"_links":{"self":[{"href":"https:\/\/www.museuhistoricosl.com.br\/loja\/wp-json\/wp\/v2\/product\/24126","targetHints":{"allow":["GET"]}}],"collection":[{"href":"https:\/\/www.museuhistoricosl.com.br\/loja\/wp-json\/wp\/v2\/product"}],"about":[{"href":"https:\/\/www.museuhistoricosl.com.br\/loja\/wp-json\/wp\/v2\/types\/product"}],"replies":[{"embeddable":true,"href":"https:\/\/www.museuhistoricosl.com.br\/loja\/wp-json\/wp\/v2\/comments?post=24126"}],"wp:featuredmedia":[{"embeddable":true,"href":"https:\/\/www.museuhistoricosl.com.br\/loja\/wp-json\/wp\/v2\/media\/24125"}],"wp:attachment":[{"href":"https:\/\/www.museuhistoricosl.com.br\/loja\/wp-json\/wp\/v2\/media?parent=24126"}],"wp:term":[{"taxonomy":"product_cat","embeddable":true,"href":"https:\/\/www.museuhistoricosl.com.br\/loja\/wp-json\/wp\/v2\/product_cat?post=24126"},{"taxonomy":"product_tag","embeddable":true,"href":"https:\/\/www.museuhistoricosl.com.br\/loja\/wp-json\/wp\/v2\/product_tag?post=24126"}],"curies":[{"name":"wp","href":"https:\/\/api.w.org\/{rel}","templated":true}]}}