{"id":24084,"date":"2022-01-05T10:20:59","date_gmt":"2022-01-05T13:20:59","guid":{"rendered":"https:\/\/www.museuhistoricosl.com.br\/loja\/produto\/sl033-fd-1468\/"},"modified":"2022-01-05T10:20:59","modified_gmt":"2022-01-05T13:20:59","slug":"sl033-fd-1468","status":"publish","type":"product","link":"https:\/\/www.museuhistoricosl.com.br\/loja\/produto\/sl033-fd-1468\/","title":{"rendered":"SL033-FD-1468"},"content":{"rendered":"<p>Escola Evang\u00e9lica Divino Mestre, Bairro Scharlau, Alunos da 8\u00aa s\u00e9rie, recebendo material da promo\u00e7\u00e3o &#8220;VS leva um estudante aos Estados Unidos&#8221;; Escolas; <\/p>\n","protected":false},"excerpt":{"rendered":"<p>Escola Evang\u00e9lica Divino Mestre, Bairro Scharlau, Alunos da 8\u00aa s\u00e9rie, recebendo material da promo\u00e7\u00e3o &#8220;VS leva um estudante aos Estados<\/p>\n","protected":false},"featured_media":24083,"comment_status":"open","ping_status":"closed","template":"","meta":{"_acf_changed":false},"product_cat":[60],"product_tag":[],"class_list":["post-24084","product","type-product","status-publish","has-post-thumbnail","hentry","product_cat-escolas"],"acf":[],"_links":{"self":[{"href":"https:\/\/www.museuhistoricosl.com.br\/loja\/wp-json\/wp\/v2\/product\/24084","targetHints":{"allow":["GET"]}}],"collection":[{"href":"https:\/\/www.museuhistoricosl.com.br\/loja\/wp-json\/wp\/v2\/product"}],"about":[{"href":"https:\/\/www.museuhistoricosl.com.br\/loja\/wp-json\/wp\/v2\/types\/product"}],"replies":[{"embeddable":true,"href":"https:\/\/www.museuhistoricosl.com.br\/loja\/wp-json\/wp\/v2\/comments?post=24084"}],"wp:featuredmedia":[{"embeddable":true,"href":"https:\/\/www.museuhistoricosl.com.br\/loja\/wp-json\/wp\/v2\/media\/24083"}],"wp:attachment":[{"href":"https:\/\/www.museuhistoricosl.com.br\/loja\/wp-json\/wp\/v2\/media?parent=24084"}],"wp:term":[{"taxonomy":"product_cat","embeddable":true,"href":"https:\/\/www.museuhistoricosl.com.br\/loja\/wp-json\/wp\/v2\/product_cat?post=24084"},{"taxonomy":"product_tag","embeddable":true,"href":"https:\/\/www.museuhistoricosl.com.br\/loja\/wp-json\/wp\/v2\/product_tag?post=24084"}],"curies":[{"name":"wp","href":"https:\/\/api.w.org\/{rel}","templated":true}]}}