{"id":24028,"date":"2022-01-05T10:20:15","date_gmt":"2022-01-05T13:20:15","guid":{"rendered":"https:\/\/www.museuhistoricosl.com.br\/loja\/produto\/sl033-fd-1440\/"},"modified":"2022-01-05T10:20:15","modified_gmt":"2022-01-05T13:20:15","slug":"sl033-fd-1440","status":"publish","type":"product","link":"https:\/\/www.museuhistoricosl.com.br\/loja\/produto\/sl033-fd-1440\/","title":{"rendered":"SL033-FD-1440"},"content":{"rendered":"<p>Escola Estadual de 1\u00ba e 2\u00ba Graus Professor Pedro Schneider, Exposi\u00e7\u00e3o de alunos e Clube de M\u00e3es do Pedrinho &#8211; Artesanato; Escolas; <\/p>\n","protected":false},"excerpt":{"rendered":"<p>Escola Estadual de 1\u00ba e 2\u00ba Graus Professor Pedro Schneider, Exposi\u00e7\u00e3o de alunos e Clube de M\u00e3es do Pedrinho &#8211;<\/p>\n","protected":false},"featured_media":24027,"comment_status":"open","ping_status":"closed","template":"","meta":{"_acf_changed":false},"product_cat":[60],"product_tag":[],"class_list":["post-24028","product","type-product","status-publish","has-post-thumbnail","hentry","product_cat-escolas"],"acf":[],"_links":{"self":[{"href":"https:\/\/www.museuhistoricosl.com.br\/loja\/wp-json\/wp\/v2\/product\/24028","targetHints":{"allow":["GET"]}}],"collection":[{"href":"https:\/\/www.museuhistoricosl.com.br\/loja\/wp-json\/wp\/v2\/product"}],"about":[{"href":"https:\/\/www.museuhistoricosl.com.br\/loja\/wp-json\/wp\/v2\/types\/product"}],"replies":[{"embeddable":true,"href":"https:\/\/www.museuhistoricosl.com.br\/loja\/wp-json\/wp\/v2\/comments?post=24028"}],"wp:featuredmedia":[{"embeddable":true,"href":"https:\/\/www.museuhistoricosl.com.br\/loja\/wp-json\/wp\/v2\/media\/24027"}],"wp:attachment":[{"href":"https:\/\/www.museuhistoricosl.com.br\/loja\/wp-json\/wp\/v2\/media?parent=24028"}],"wp:term":[{"taxonomy":"product_cat","embeddable":true,"href":"https:\/\/www.museuhistoricosl.com.br\/loja\/wp-json\/wp\/v2\/product_cat?post=24028"},{"taxonomy":"product_tag","embeddable":true,"href":"https:\/\/www.museuhistoricosl.com.br\/loja\/wp-json\/wp\/v2\/product_tag?post=24028"}],"curies":[{"name":"wp","href":"https:\/\/api.w.org\/{rel}","templated":true}]}}