{"id":24024,"date":"2022-01-05T10:20:13","date_gmt":"2022-01-05T13:20:13","guid":{"rendered":"https:\/\/www.museuhistoricosl.com.br\/loja\/produto\/sl033-fd-1438\/"},"modified":"2022-01-05T10:20:13","modified_gmt":"2022-01-05T13:20:13","slug":"sl033-fd-1438","status":"publish","type":"product","link":"https:\/\/www.museuhistoricosl.com.br\/loja\/produto\/sl033-fd-1438\/","title":{"rendered":"SL033-FD-1438"},"content":{"rendered":"<p>Escola Estadual de 1\u00ba e 2\u00ba Graus Professor Pedro Schneider, exposi\u00e7\u00e3o de alunos e Clube de M\u00e3es com trabalhos de t\u00e9cnicas industriais, 22\/10\/1984; Escolas; <\/p>\n","protected":false},"excerpt":{"rendered":"<p>Escola Estadual de 1\u00ba e 2\u00ba Graus Professor Pedro Schneider, exposi\u00e7\u00e3o de alunos e Clube de M\u00e3es com trabalhos de<\/p>\n","protected":false},"featured_media":24023,"comment_status":"open","ping_status":"closed","template":"","meta":{"_acf_changed":false},"product_cat":[60],"product_tag":[],"class_list":["post-24024","product","type-product","status-publish","has-post-thumbnail","hentry","product_cat-escolas"],"acf":[],"_links":{"self":[{"href":"https:\/\/www.museuhistoricosl.com.br\/loja\/wp-json\/wp\/v2\/product\/24024","targetHints":{"allow":["GET"]}}],"collection":[{"href":"https:\/\/www.museuhistoricosl.com.br\/loja\/wp-json\/wp\/v2\/product"}],"about":[{"href":"https:\/\/www.museuhistoricosl.com.br\/loja\/wp-json\/wp\/v2\/types\/product"}],"replies":[{"embeddable":true,"href":"https:\/\/www.museuhistoricosl.com.br\/loja\/wp-json\/wp\/v2\/comments?post=24024"}],"wp:featuredmedia":[{"embeddable":true,"href":"https:\/\/www.museuhistoricosl.com.br\/loja\/wp-json\/wp\/v2\/media\/24023"}],"wp:attachment":[{"href":"https:\/\/www.museuhistoricosl.com.br\/loja\/wp-json\/wp\/v2\/media?parent=24024"}],"wp:term":[{"taxonomy":"product_cat","embeddable":true,"href":"https:\/\/www.museuhistoricosl.com.br\/loja\/wp-json\/wp\/v2\/product_cat?post=24024"},{"taxonomy":"product_tag","embeddable":true,"href":"https:\/\/www.museuhistoricosl.com.br\/loja\/wp-json\/wp\/v2\/product_tag?post=24024"}],"curies":[{"name":"wp","href":"https:\/\/api.w.org\/{rel}","templated":true}]}}