{"id":23956,"date":"2022-01-05T10:19:32","date_gmt":"2022-01-05T13:19:32","guid":{"rendered":"https:\/\/www.museuhistoricosl.com.br\/loja\/produto\/sl033-fd-1404\/"},"modified":"2022-01-05T10:19:32","modified_gmt":"2022-01-05T13:19:32","slug":"sl033-fd-1404","status":"publish","type":"product","link":"https:\/\/www.museuhistoricosl.com.br\/loja\/produto\/sl033-fd-1404\/","title":{"rendered":"SL033-FD-1404"},"content":{"rendered":"<p>Col\u00e9gio Sinodal, C\u00e2mara de Vereadores homenageia Col\u00e9gio Sinodal com solenidade pelos 50 anos, 25\/05\/1986; Escolas; <\/p>\n","protected":false},"excerpt":{"rendered":"<p>Col\u00e9gio Sinodal, C\u00e2mara de Vereadores homenageia Col\u00e9gio Sinodal com solenidade pelos 50 anos, 25\/05\/1986; Escolas;<\/p>\n","protected":false},"featured_media":23955,"comment_status":"open","ping_status":"closed","template":"","meta":{"_acf_changed":false},"product_cat":[60],"product_tag":[],"class_list":["post-23956","product","type-product","status-publish","has-post-thumbnail","hentry","product_cat-escolas"],"acf":[],"_links":{"self":[{"href":"https:\/\/www.museuhistoricosl.com.br\/loja\/wp-json\/wp\/v2\/product\/23956","targetHints":{"allow":["GET"]}}],"collection":[{"href":"https:\/\/www.museuhistoricosl.com.br\/loja\/wp-json\/wp\/v2\/product"}],"about":[{"href":"https:\/\/www.museuhistoricosl.com.br\/loja\/wp-json\/wp\/v2\/types\/product"}],"replies":[{"embeddable":true,"href":"https:\/\/www.museuhistoricosl.com.br\/loja\/wp-json\/wp\/v2\/comments?post=23956"}],"wp:featuredmedia":[{"embeddable":true,"href":"https:\/\/www.museuhistoricosl.com.br\/loja\/wp-json\/wp\/v2\/media\/23955"}],"wp:attachment":[{"href":"https:\/\/www.museuhistoricosl.com.br\/loja\/wp-json\/wp\/v2\/media?parent=23956"}],"wp:term":[{"taxonomy":"product_cat","embeddable":true,"href":"https:\/\/www.museuhistoricosl.com.br\/loja\/wp-json\/wp\/v2\/product_cat?post=23956"},{"taxonomy":"product_tag","embeddable":true,"href":"https:\/\/www.museuhistoricosl.com.br\/loja\/wp-json\/wp\/v2\/product_tag?post=23956"}],"curies":[{"name":"wp","href":"https:\/\/api.w.org\/{rel}","templated":true}]}}