{"id":23731,"date":"2022-01-05T10:17:16","date_gmt":"2022-01-05T13:17:16","guid":{"rendered":"https:\/\/www.museuhistoricosl.com.br\/loja\/produto\/sl033-fd-1281\/"},"modified":"2022-01-05T10:17:16","modified_gmt":"2022-01-05T13:17:16","slug":"sl033-fd-1281","status":"publish","type":"product","link":"https:\/\/www.museuhistoricosl.com.br\/loja\/produto\/sl033-fd-1281\/","title":{"rendered":"SL033-FD-1281"},"content":{"rendered":"<p>Escola de M\u00fasica Santa Cec\u00edlia, No Riograndense Exame de M\u00fasica, m\u00e3e de Evinha Oliveira Alves, Em p\u00e9:&#8230;.Maria Vianna Hoog, Helena C\u00e2ndida, Elzira Jacobus, ( Maria Vianna Hoog) ; Escolas; <\/p>\n","protected":false},"excerpt":{"rendered":"<p>Escola de M\u00fasica Santa Cec\u00edlia, No Riograndense Exame de M\u00fasica, m\u00e3e de Evinha Oliveira Alves, Em p\u00e9:&#8230;.Maria Vianna Hoog, Helena<\/p>\n","protected":false},"featured_media":22391,"comment_status":"open","ping_status":"closed","template":"","meta":{"_acf_changed":false},"product_cat":[60],"product_tag":[],"class_list":["post-23731","product","type-product","status-publish","has-post-thumbnail","hentry","product_cat-escolas"],"acf":[],"_links":{"self":[{"href":"https:\/\/www.museuhistoricosl.com.br\/loja\/wp-json\/wp\/v2\/product\/23731","targetHints":{"allow":["GET"]}}],"collection":[{"href":"https:\/\/www.museuhistoricosl.com.br\/loja\/wp-json\/wp\/v2\/product"}],"about":[{"href":"https:\/\/www.museuhistoricosl.com.br\/loja\/wp-json\/wp\/v2\/types\/product"}],"replies":[{"embeddable":true,"href":"https:\/\/www.museuhistoricosl.com.br\/loja\/wp-json\/wp\/v2\/comments?post=23731"}],"wp:featuredmedia":[{"embeddable":true,"href":"https:\/\/www.museuhistoricosl.com.br\/loja\/wp-json\/wp\/v2\/media\/22391"}],"wp:attachment":[{"href":"https:\/\/www.museuhistoricosl.com.br\/loja\/wp-json\/wp\/v2\/media?parent=23731"}],"wp:term":[{"taxonomy":"product_cat","embeddable":true,"href":"https:\/\/www.museuhistoricosl.com.br\/loja\/wp-json\/wp\/v2\/product_cat?post=23731"},{"taxonomy":"product_tag","embeddable":true,"href":"https:\/\/www.museuhistoricosl.com.br\/loja\/wp-json\/wp\/v2\/product_tag?post=23731"}],"curies":[{"name":"wp","href":"https:\/\/api.w.org\/{rel}","templated":true}]}}