{"id":23730,"date":"2022-01-05T10:17:15","date_gmt":"2022-01-05T13:17:15","guid":{"rendered":"https:\/\/www.museuhistoricosl.com.br\/loja\/produto\/sl033-fd-1280\/"},"modified":"2022-01-05T10:17:15","modified_gmt":"2022-01-05T13:17:15","slug":"sl033-fd-1280","status":"publish","type":"product","link":"https:\/\/www.museuhistoricosl.com.br\/loja\/produto\/sl033-fd-1280\/","title":{"rendered":"SL033-FD-1280"},"content":{"rendered":"<p>Escola de M\u00fasica Santa Cec\u00edlia, Inaugura\u00e7\u00e3o do Instituto Santa Cec\u00edlia de Dona Rosinha Meirelles Oliveira, (Maria Vianna Moog) 03\/06\/1939; Escolas; <\/p>\n","protected":false},"excerpt":{"rendered":"<p>Escola de M\u00fasica Santa Cec\u00edlia, Inaugura\u00e7\u00e3o do Instituto Santa Cec\u00edlia de Dona Rosinha Meirelles Oliveira, (Maria Vianna Moog) 03\/06\/1939; Escolas;<\/p>\n","protected":false},"featured_media":22389,"comment_status":"open","ping_status":"closed","template":"","meta":{"_acf_changed":false},"product_cat":[60],"product_tag":[],"class_list":["post-23730","product","type-product","status-publish","has-post-thumbnail","hentry","product_cat-escolas"],"acf":[],"_links":{"self":[{"href":"https:\/\/www.museuhistoricosl.com.br\/loja\/wp-json\/wp\/v2\/product\/23730","targetHints":{"allow":["GET"]}}],"collection":[{"href":"https:\/\/www.museuhistoricosl.com.br\/loja\/wp-json\/wp\/v2\/product"}],"about":[{"href":"https:\/\/www.museuhistoricosl.com.br\/loja\/wp-json\/wp\/v2\/types\/product"}],"replies":[{"embeddable":true,"href":"https:\/\/www.museuhistoricosl.com.br\/loja\/wp-json\/wp\/v2\/comments?post=23730"}],"wp:featuredmedia":[{"embeddable":true,"href":"https:\/\/www.museuhistoricosl.com.br\/loja\/wp-json\/wp\/v2\/media\/22389"}],"wp:attachment":[{"href":"https:\/\/www.museuhistoricosl.com.br\/loja\/wp-json\/wp\/v2\/media?parent=23730"}],"wp:term":[{"taxonomy":"product_cat","embeddable":true,"href":"https:\/\/www.museuhistoricosl.com.br\/loja\/wp-json\/wp\/v2\/product_cat?post=23730"},{"taxonomy":"product_tag","embeddable":true,"href":"https:\/\/www.museuhistoricosl.com.br\/loja\/wp-json\/wp\/v2\/product_tag?post=23730"}],"curies":[{"name":"wp","href":"https:\/\/api.w.org\/{rel}","templated":true}]}}