{"id":23724,"date":"2022-01-05T10:17:12","date_gmt":"2022-01-05T13:17:12","guid":{"rendered":"https:\/\/www.museuhistoricosl.com.br\/loja\/produto\/sl033-fd-1274\/"},"modified":"2022-01-05T10:17:12","modified_gmt":"2022-01-05T13:17:12","slug":"sl033-fd-1274","status":"publish","type":"product","link":"https:\/\/www.museuhistoricosl.com.br\/loja\/produto\/sl033-fd-1274\/","title":{"rendered":"SL033-FD-1274"},"content":{"rendered":"<p>2\u00aa Delegacia de Educa\u00e7\u00e3o, Pres\u00e9pio &#8211; Vivo pela 2\u00ba Delegacia de Educa\u00e7\u00e3o, S\u00e3o Jos\u00e9 &#8211; Paulo Jos\u00e9 Inocente, Nossa Senhora &#8211; Rosana Castro, Menino Jesus &#8211; Ricardo, Um Pastor \u00e0 esquerda &#8211; Laura Helena Brack, 23\/12\/1978; Escolas; <\/p>\n","protected":false},"excerpt":{"rendered":"<p>2\u00aa Delegacia de Educa\u00e7\u00e3o, Pres\u00e9pio &#8211; Vivo pela 2\u00ba Delegacia de Educa\u00e7\u00e3o, S\u00e3o Jos\u00e9 &#8211; Paulo Jos\u00e9 Inocente, Nossa Senhora<\/p>\n","protected":false},"featured_media":22377,"comment_status":"open","ping_status":"closed","template":"","meta":{"_acf_changed":false},"product_cat":[60],"product_tag":[],"class_list":["post-23724","product","type-product","status-publish","has-post-thumbnail","hentry","product_cat-escolas"],"acf":[],"_links":{"self":[{"href":"https:\/\/www.museuhistoricosl.com.br\/loja\/wp-json\/wp\/v2\/product\/23724","targetHints":{"allow":["GET"]}}],"collection":[{"href":"https:\/\/www.museuhistoricosl.com.br\/loja\/wp-json\/wp\/v2\/product"}],"about":[{"href":"https:\/\/www.museuhistoricosl.com.br\/loja\/wp-json\/wp\/v2\/types\/product"}],"replies":[{"embeddable":true,"href":"https:\/\/www.museuhistoricosl.com.br\/loja\/wp-json\/wp\/v2\/comments?post=23724"}],"wp:featuredmedia":[{"embeddable":true,"href":"https:\/\/www.museuhistoricosl.com.br\/loja\/wp-json\/wp\/v2\/media\/22377"}],"wp:attachment":[{"href":"https:\/\/www.museuhistoricosl.com.br\/loja\/wp-json\/wp\/v2\/media?parent=23724"}],"wp:term":[{"taxonomy":"product_cat","embeddable":true,"href":"https:\/\/www.museuhistoricosl.com.br\/loja\/wp-json\/wp\/v2\/product_cat?post=23724"},{"taxonomy":"product_tag","embeddable":true,"href":"https:\/\/www.museuhistoricosl.com.br\/loja\/wp-json\/wp\/v2\/product_tag?post=23724"}],"curies":[{"name":"wp","href":"https:\/\/api.w.org\/{rel}","templated":true}]}}