{"id":23719,"date":"2022-01-05T10:17:08","date_gmt":"2022-01-05T13:17:08","guid":{"rendered":"https:\/\/www.museuhistoricosl.com.br\/loja\/produto\/sl033-fd-1269\/"},"modified":"2022-01-05T10:17:08","modified_gmt":"2022-01-05T13:17:08","slug":"sl033-fd-1269","status":"publish","type":"product","link":"https:\/\/www.museuhistoricosl.com.br\/loja\/produto\/sl033-fd-1269\/","title":{"rendered":"SL033-FD-1269"},"content":{"rendered":"<p>2\u00aa Delegacia de Educa\u00e7\u00e3o, Festival Estudantil de M\u00fasica Popular Ga\u00facha, promo\u00e7\u00e3o da 2\u00ba DE e Comiss\u00e3o do Sesqui da Revolu\u00e7\u00e3o Farroupilha, 1\u00ba lugar em composi\u00e7\u00e3o, 2\u00ba grau Jorge Lu\u00eds Raymundo e Renato Lu\u00eds Pereira dos Santos, 10\/12\/1985; Escolas; <\/p>\n","protected":false},"excerpt":{"rendered":"<p>2\u00aa Delegacia de Educa\u00e7\u00e3o, Festival Estudantil de M\u00fasica Popular Ga\u00facha, promo\u00e7\u00e3o da 2\u00ba DE e Comiss\u00e3o do Sesqui da Revolu\u00e7\u00e3o<\/p>\n","protected":false},"featured_media":22367,"comment_status":"open","ping_status":"closed","template":"","meta":{"_acf_changed":false},"product_cat":[60],"product_tag":[],"class_list":["post-23719","product","type-product","status-publish","has-post-thumbnail","hentry","product_cat-escolas"],"acf":[],"_links":{"self":[{"href":"https:\/\/www.museuhistoricosl.com.br\/loja\/wp-json\/wp\/v2\/product\/23719","targetHints":{"allow":["GET"]}}],"collection":[{"href":"https:\/\/www.museuhistoricosl.com.br\/loja\/wp-json\/wp\/v2\/product"}],"about":[{"href":"https:\/\/www.museuhistoricosl.com.br\/loja\/wp-json\/wp\/v2\/types\/product"}],"replies":[{"embeddable":true,"href":"https:\/\/www.museuhistoricosl.com.br\/loja\/wp-json\/wp\/v2\/comments?post=23719"}],"wp:featuredmedia":[{"embeddable":true,"href":"https:\/\/www.museuhistoricosl.com.br\/loja\/wp-json\/wp\/v2\/media\/22367"}],"wp:attachment":[{"href":"https:\/\/www.museuhistoricosl.com.br\/loja\/wp-json\/wp\/v2\/media?parent=23719"}],"wp:term":[{"taxonomy":"product_cat","embeddable":true,"href":"https:\/\/www.museuhistoricosl.com.br\/loja\/wp-json\/wp\/v2\/product_cat?post=23719"},{"taxonomy":"product_tag","embeddable":true,"href":"https:\/\/www.museuhistoricosl.com.br\/loja\/wp-json\/wp\/v2\/product_tag?post=23719"}],"curies":[{"name":"wp","href":"https:\/\/api.w.org\/{rel}","templated":true}]}}