{"id":23718,"date":"2022-01-05T10:16:58","date_gmt":"2022-01-05T13:16:58","guid":{"rendered":"https:\/\/www.museuhistoricosl.com.br\/loja\/produto\/sl033-fd-1268\/"},"modified":"2022-01-05T10:16:58","modified_gmt":"2022-01-05T13:16:58","slug":"sl033-fd-1268","status":"publish","type":"product","link":"https:\/\/www.museuhistoricosl.com.br\/loja\/produto\/sl033-fd-1268\/","title":{"rendered":"SL033-FD-1268"},"content":{"rendered":"<p>2\u00aa Delegacia de Educa\u00e7\u00e3o, Composi\u00e7\u00e3o da mesa da cerim\u00f4nia de posse dos diretores de escolas, Comp\u00f5em a mesa da esq. Para dir.: Bernadete F. Maciel &#8211; Del. Aady, Lia F. Seelig &#8211; Delegada, Marlene Cassel Jeumkomsue &#8211; Repres. Secretaria Educa\u00e7\u00e3o, Eda Astolfi, Romeu Deuves, 01\/1986; Escolas; <\/p>\n","protected":false},"excerpt":{"rendered":"<p>2\u00aa Delegacia de Educa\u00e7\u00e3o, Composi\u00e7\u00e3o da mesa da cerim\u00f4nia de posse dos diretores de escolas, Comp\u00f5em a mesa da esq.<\/p>\n","protected":false},"featured_media":22365,"comment_status":"open","ping_status":"closed","template":"","meta":{"_acf_changed":false},"product_cat":[60],"product_tag":[],"class_list":["post-23718","product","type-product","status-publish","has-post-thumbnail","hentry","product_cat-escolas"],"acf":[],"_links":{"self":[{"href":"https:\/\/www.museuhistoricosl.com.br\/loja\/wp-json\/wp\/v2\/product\/23718","targetHints":{"allow":["GET"]}}],"collection":[{"href":"https:\/\/www.museuhistoricosl.com.br\/loja\/wp-json\/wp\/v2\/product"}],"about":[{"href":"https:\/\/www.museuhistoricosl.com.br\/loja\/wp-json\/wp\/v2\/types\/product"}],"replies":[{"embeddable":true,"href":"https:\/\/www.museuhistoricosl.com.br\/loja\/wp-json\/wp\/v2\/comments?post=23718"}],"wp:featuredmedia":[{"embeddable":true,"href":"https:\/\/www.museuhistoricosl.com.br\/loja\/wp-json\/wp\/v2\/media\/22365"}],"wp:attachment":[{"href":"https:\/\/www.museuhistoricosl.com.br\/loja\/wp-json\/wp\/v2\/media?parent=23718"}],"wp:term":[{"taxonomy":"product_cat","embeddable":true,"href":"https:\/\/www.museuhistoricosl.com.br\/loja\/wp-json\/wp\/v2\/product_cat?post=23718"},{"taxonomy":"product_tag","embeddable":true,"href":"https:\/\/www.museuhistoricosl.com.br\/loja\/wp-json\/wp\/v2\/product_tag?post=23718"}],"curies":[{"name":"wp","href":"https:\/\/api.w.org\/{rel}","templated":true}]}}