{"id":23678,"date":"2022-01-05T10:16:25","date_gmt":"2022-01-05T13:16:25","guid":{"rendered":"https:\/\/www.museuhistoricosl.com.br\/loja\/produto\/sl033-fd-1228-2\/"},"modified":"2022-01-05T10:16:25","modified_gmt":"2022-01-05T13:16:25","slug":"sl033-fd-1228-2","status":"publish","type":"product","link":"https:\/\/www.museuhistoricosl.com.br\/loja\/produto\/sl033-fd-1228-2\/","title":{"rendered":"SL033-FD-1228"},"content":{"rendered":"<p>2\u00aa Delegacia de Educa\u00e7\u00e3o, Francisco de Paula Salzano, Vieira da Cunha, Secret\u00e1rio da Educa\u00e7\u00e3o, 09\/1984; Escolas; <\/p>\n","protected":false},"excerpt":{"rendered":"<p>2\u00aa Delegacia de Educa\u00e7\u00e3o, Francisco de Paula Salzano, Vieira da Cunha, Secret\u00e1rio da Educa\u00e7\u00e3o, 09\/1984; Escolas;<\/p>\n","protected":false},"featured_media":22285,"comment_status":"open","ping_status":"closed","template":"","meta":{"_acf_changed":false},"product_cat":[60],"product_tag":[],"class_list":["post-23678","product","type-product","status-publish","has-post-thumbnail","hentry","product_cat-escolas"],"acf":[],"_links":{"self":[{"href":"https:\/\/www.museuhistoricosl.com.br\/loja\/wp-json\/wp\/v2\/product\/23678","targetHints":{"allow":["GET"]}}],"collection":[{"href":"https:\/\/www.museuhistoricosl.com.br\/loja\/wp-json\/wp\/v2\/product"}],"about":[{"href":"https:\/\/www.museuhistoricosl.com.br\/loja\/wp-json\/wp\/v2\/types\/product"}],"replies":[{"embeddable":true,"href":"https:\/\/www.museuhistoricosl.com.br\/loja\/wp-json\/wp\/v2\/comments?post=23678"}],"wp:featuredmedia":[{"embeddable":true,"href":"https:\/\/www.museuhistoricosl.com.br\/loja\/wp-json\/wp\/v2\/media\/22285"}],"wp:attachment":[{"href":"https:\/\/www.museuhistoricosl.com.br\/loja\/wp-json\/wp\/v2\/media?parent=23678"}],"wp:term":[{"taxonomy":"product_cat","embeddable":true,"href":"https:\/\/www.museuhistoricosl.com.br\/loja\/wp-json\/wp\/v2\/product_cat?post=23678"},{"taxonomy":"product_tag","embeddable":true,"href":"https:\/\/www.museuhistoricosl.com.br\/loja\/wp-json\/wp\/v2\/product_tag?post=23678"}],"curies":[{"name":"wp","href":"https:\/\/api.w.org\/{rel}","templated":true}]}}