{"id":23677,"date":"2022-01-05T10:16:25","date_gmt":"2022-01-05T13:16:25","guid":{"rendered":"https:\/\/www.museuhistoricosl.com.br\/loja\/produto\/sl033-fd-1227-2\/"},"modified":"2022-01-05T10:16:25","modified_gmt":"2022-01-05T13:16:25","slug":"sl033-fd-1227-2","status":"publish","type":"product","link":"https:\/\/www.museuhistoricosl.com.br\/loja\/produto\/sl033-fd-1227-2\/","title":{"rendered":"SL033-FD-1227"},"content":{"rendered":"<p>2\u00aa Delegacia de Educa\u00e7\u00e3o, III Encontro Regional de Especialista de Educa\u00e7\u00e3o, com presen\u00e7a do secr. De educa\u00e7\u00e3o Francisco de Paula Salzano Vieira da Cunha, 25\/09\/1984; Escolas; <\/p>\n","protected":false},"excerpt":{"rendered":"<p>2\u00aa Delegacia de Educa\u00e7\u00e3o, III Encontro Regional de Especialista de Educa\u00e7\u00e3o, com presen\u00e7a do secr. De educa\u00e7\u00e3o Francisco de Paula<\/p>\n","protected":false},"featured_media":22283,"comment_status":"open","ping_status":"closed","template":"","meta":{"_acf_changed":false},"product_cat":[60],"product_tag":[],"class_list":["post-23677","product","type-product","status-publish","has-post-thumbnail","hentry","product_cat-escolas"],"acf":[],"_links":{"self":[{"href":"https:\/\/www.museuhistoricosl.com.br\/loja\/wp-json\/wp\/v2\/product\/23677","targetHints":{"allow":["GET"]}}],"collection":[{"href":"https:\/\/www.museuhistoricosl.com.br\/loja\/wp-json\/wp\/v2\/product"}],"about":[{"href":"https:\/\/www.museuhistoricosl.com.br\/loja\/wp-json\/wp\/v2\/types\/product"}],"replies":[{"embeddable":true,"href":"https:\/\/www.museuhistoricosl.com.br\/loja\/wp-json\/wp\/v2\/comments?post=23677"}],"wp:featuredmedia":[{"embeddable":true,"href":"https:\/\/www.museuhistoricosl.com.br\/loja\/wp-json\/wp\/v2\/media\/22283"}],"wp:attachment":[{"href":"https:\/\/www.museuhistoricosl.com.br\/loja\/wp-json\/wp\/v2\/media?parent=23677"}],"wp:term":[{"taxonomy":"product_cat","embeddable":true,"href":"https:\/\/www.museuhistoricosl.com.br\/loja\/wp-json\/wp\/v2\/product_cat?post=23677"},{"taxonomy":"product_tag","embeddable":true,"href":"https:\/\/www.museuhistoricosl.com.br\/loja\/wp-json\/wp\/v2\/product_tag?post=23677"}],"curies":[{"name":"wp","href":"https:\/\/api.w.org\/{rel}","templated":true}]}}