{"id":23664,"date":"2022-01-05T10:16:18","date_gmt":"2022-01-05T13:16:18","guid":{"rendered":"https:\/\/www.museuhistoricosl.com.br\/loja\/produto\/sl033-fd-1214-2\/"},"modified":"2022-01-05T10:16:18","modified_gmt":"2022-01-05T13:16:18","slug":"sl033-fd-1214-2","status":"publish","type":"product","link":"https:\/\/www.museuhistoricosl.com.br\/loja\/produto\/sl033-fd-1214-2\/","title":{"rendered":"SL033-FD-1214"},"content":{"rendered":"<p>2\u00aa Delegacia de Educa\u00e7\u00e3o, Audit\u00f3rio da Biblioteca, Palestra da professora Valesca Rocchi, Promo\u00e7\u00e3o da 2\u00aa DE., 09\/1985; Escolas; <\/p>\n","protected":false},"excerpt":{"rendered":"<p>2\u00aa Delegacia de Educa\u00e7\u00e3o, Audit\u00f3rio da Biblioteca, Palestra da professora Valesca Rocchi, Promo\u00e7\u00e3o da 2\u00aa DE., 09\/1985; Escolas;<\/p>\n","protected":false},"featured_media":22257,"comment_status":"open","ping_status":"closed","template":"","meta":{"_acf_changed":false},"product_cat":[60],"product_tag":[],"class_list":["post-23664","product","type-product","status-publish","has-post-thumbnail","hentry","product_cat-escolas"],"acf":[],"_links":{"self":[{"href":"https:\/\/www.museuhistoricosl.com.br\/loja\/wp-json\/wp\/v2\/product\/23664","targetHints":{"allow":["GET"]}}],"collection":[{"href":"https:\/\/www.museuhistoricosl.com.br\/loja\/wp-json\/wp\/v2\/product"}],"about":[{"href":"https:\/\/www.museuhistoricosl.com.br\/loja\/wp-json\/wp\/v2\/types\/product"}],"replies":[{"embeddable":true,"href":"https:\/\/www.museuhistoricosl.com.br\/loja\/wp-json\/wp\/v2\/comments?post=23664"}],"wp:featuredmedia":[{"embeddable":true,"href":"https:\/\/www.museuhistoricosl.com.br\/loja\/wp-json\/wp\/v2\/media\/22257"}],"wp:attachment":[{"href":"https:\/\/www.museuhistoricosl.com.br\/loja\/wp-json\/wp\/v2\/media?parent=23664"}],"wp:term":[{"taxonomy":"product_cat","embeddable":true,"href":"https:\/\/www.museuhistoricosl.com.br\/loja\/wp-json\/wp\/v2\/product_cat?post=23664"},{"taxonomy":"product_tag","embeddable":true,"href":"https:\/\/www.museuhistoricosl.com.br\/loja\/wp-json\/wp\/v2\/product_tag?post=23664"}],"curies":[{"name":"wp","href":"https:\/\/api.w.org\/{rel}","templated":true}]}}