{"id":23616,"date":"2022-01-05T10:15:42","date_gmt":"2022-01-05T13:15:42","guid":{"rendered":"https:\/\/www.museuhistoricosl.com.br\/loja\/produto\/sl033-fd-1166-2\/"},"modified":"2022-01-05T10:15:42","modified_gmt":"2022-01-05T13:15:42","slug":"sl033-fd-1166-2","status":"publish","type":"product","link":"https:\/\/www.museuhistoricosl.com.br\/loja\/produto\/sl033-fd-1166-2\/","title":{"rendered":"SL033-FD-1166"},"content":{"rendered":"<p>CEBEM, S\u00e3o Leopoldo, Entrega Pr\u00e9mios, Entrega de diplomas aos concluintes do Curso de Eletricidade B\u00e1sica do Cebem ministradao no Grupo Escolar Borges Fortes, para os alunos daquela escola, ao fundo Profa. S\u00e9lira Scherer Hoch, \u00e0 direita diretora Solange Tesser, 09\/11\/1979; Escolas; <\/p>\n","protected":false},"excerpt":{"rendered":"<p>CEBEM, S\u00e3o Leopoldo, Entrega Pr\u00e9mios, Entrega de diplomas aos concluintes do Curso de Eletricidade B\u00e1sica do Cebem ministradao no Grupo<\/p>\n","protected":false},"featured_media":22161,"comment_status":"open","ping_status":"closed","template":"","meta":{"_acf_changed":false},"product_cat":[60],"product_tag":[],"class_list":["post-23616","product","type-product","status-publish","has-post-thumbnail","hentry","product_cat-escolas"],"acf":[],"_links":{"self":[{"href":"https:\/\/www.museuhistoricosl.com.br\/loja\/wp-json\/wp\/v2\/product\/23616","targetHints":{"allow":["GET"]}}],"collection":[{"href":"https:\/\/www.museuhistoricosl.com.br\/loja\/wp-json\/wp\/v2\/product"}],"about":[{"href":"https:\/\/www.museuhistoricosl.com.br\/loja\/wp-json\/wp\/v2\/types\/product"}],"replies":[{"embeddable":true,"href":"https:\/\/www.museuhistoricosl.com.br\/loja\/wp-json\/wp\/v2\/comments?post=23616"}],"wp:featuredmedia":[{"embeddable":true,"href":"https:\/\/www.museuhistoricosl.com.br\/loja\/wp-json\/wp\/v2\/media\/22161"}],"wp:attachment":[{"href":"https:\/\/www.museuhistoricosl.com.br\/loja\/wp-json\/wp\/v2\/media?parent=23616"}],"wp:term":[{"taxonomy":"product_cat","embeddable":true,"href":"https:\/\/www.museuhistoricosl.com.br\/loja\/wp-json\/wp\/v2\/product_cat?post=23616"},{"taxonomy":"product_tag","embeddable":true,"href":"https:\/\/www.museuhistoricosl.com.br\/loja\/wp-json\/wp\/v2\/product_tag?post=23616"}],"curies":[{"name":"wp","href":"https:\/\/api.w.org\/{rel}","templated":true}]}}