{"id":23614,"date":"2022-01-05T10:15:40","date_gmt":"2022-01-05T13:15:40","guid":{"rendered":"https:\/\/www.museuhistoricosl.com.br\/loja\/produto\/sl033-fd-1164-2\/"},"modified":"2022-01-05T10:15:40","modified_gmt":"2022-01-05T13:15:40","slug":"sl033-fd-1164-2","status":"publish","type":"product","link":"https:\/\/www.museuhistoricosl.com.br\/loja\/produto\/sl033-fd-1164-2\/","title":{"rendered":"SL033-FD-1164"},"content":{"rendered":"<p>CEBEM, S\u00e3o Leopoldo, Entrega Pr\u00e9mios, I Concurso de Reda\u00e7\u00e3o por alunos 1\u00ba grau, promovido pela CEEE, Diretores dos alunos, Prof. Harry R\u00fcckert &#8211; Instituto Rio Branco, Prof. Marcos &#8211; E.E. 1\u00ba Grau Visconde de S\u00e3o Leopoldo, 13\/12\/1979; Escolas; <\/p>\n","protected":false},"excerpt":{"rendered":"<p>CEBEM, S\u00e3o Leopoldo, Entrega Pr\u00e9mios, I Concurso de Reda\u00e7\u00e3o por alunos 1\u00ba grau, promovido pela CEEE, Diretores dos alunos, Prof.<\/p>\n","protected":false},"featured_media":22157,"comment_status":"open","ping_status":"closed","template":"","meta":{"_acf_changed":false},"product_cat":[60],"product_tag":[],"class_list":["post-23614","product","type-product","status-publish","has-post-thumbnail","hentry","product_cat-escolas"],"acf":[],"_links":{"self":[{"href":"https:\/\/www.museuhistoricosl.com.br\/loja\/wp-json\/wp\/v2\/product\/23614","targetHints":{"allow":["GET"]}}],"collection":[{"href":"https:\/\/www.museuhistoricosl.com.br\/loja\/wp-json\/wp\/v2\/product"}],"about":[{"href":"https:\/\/www.museuhistoricosl.com.br\/loja\/wp-json\/wp\/v2\/types\/product"}],"replies":[{"embeddable":true,"href":"https:\/\/www.museuhistoricosl.com.br\/loja\/wp-json\/wp\/v2\/comments?post=23614"}],"wp:featuredmedia":[{"embeddable":true,"href":"https:\/\/www.museuhistoricosl.com.br\/loja\/wp-json\/wp\/v2\/media\/22157"}],"wp:attachment":[{"href":"https:\/\/www.museuhistoricosl.com.br\/loja\/wp-json\/wp\/v2\/media?parent=23614"}],"wp:term":[{"taxonomy":"product_cat","embeddable":true,"href":"https:\/\/www.museuhistoricosl.com.br\/loja\/wp-json\/wp\/v2\/product_cat?post=23614"},{"taxonomy":"product_tag","embeddable":true,"href":"https:\/\/www.museuhistoricosl.com.br\/loja\/wp-json\/wp\/v2\/product_tag?post=23614"}],"curies":[{"name":"wp","href":"https:\/\/api.w.org\/{rel}","templated":true}]}}