{"id":23609,"date":"2022-01-05T10:15:37","date_gmt":"2022-01-05T13:15:37","guid":{"rendered":"https:\/\/www.museuhistoricosl.com.br\/loja\/produto\/sl033-fd-1159-2\/"},"modified":"2022-01-05T10:15:37","modified_gmt":"2022-01-05T13:15:37","slug":"sl033-fd-1159-2","status":"publish","type":"product","link":"https:\/\/www.museuhistoricosl.com.br\/loja\/produto\/sl033-fd-1159-2\/","title":{"rendered":"SL033-FD-1159"},"content":{"rendered":"<p>CEBEM, S\u00e3o Leopoldo, Festa de Natal das crian\u00e7as de Cebem no Parque de Recrea\u00e7\u00e3o do Trabalhador, 18\/12\/1985; Escolas; <\/p>\n","protected":false},"excerpt":{"rendered":"<p>CEBEM, S\u00e3o Leopoldo, Festa de Natal das crian\u00e7as de Cebem no Parque de Recrea\u00e7\u00e3o do Trabalhador, 18\/12\/1985; Escolas;<\/p>\n","protected":false},"featured_media":22147,"comment_status":"open","ping_status":"closed","template":"","meta":{"_acf_changed":false},"product_cat":[60],"product_tag":[],"class_list":["post-23609","product","type-product","status-publish","has-post-thumbnail","hentry","product_cat-escolas"],"acf":[],"_links":{"self":[{"href":"https:\/\/www.museuhistoricosl.com.br\/loja\/wp-json\/wp\/v2\/product\/23609","targetHints":{"allow":["GET"]}}],"collection":[{"href":"https:\/\/www.museuhistoricosl.com.br\/loja\/wp-json\/wp\/v2\/product"}],"about":[{"href":"https:\/\/www.museuhistoricosl.com.br\/loja\/wp-json\/wp\/v2\/types\/product"}],"replies":[{"embeddable":true,"href":"https:\/\/www.museuhistoricosl.com.br\/loja\/wp-json\/wp\/v2\/comments?post=23609"}],"wp:featuredmedia":[{"embeddable":true,"href":"https:\/\/www.museuhistoricosl.com.br\/loja\/wp-json\/wp\/v2\/media\/22147"}],"wp:attachment":[{"href":"https:\/\/www.museuhistoricosl.com.br\/loja\/wp-json\/wp\/v2\/media?parent=23609"}],"wp:term":[{"taxonomy":"product_cat","embeddable":true,"href":"https:\/\/www.museuhistoricosl.com.br\/loja\/wp-json\/wp\/v2\/product_cat?post=23609"},{"taxonomy":"product_tag","embeddable":true,"href":"https:\/\/www.museuhistoricosl.com.br\/loja\/wp-json\/wp\/v2\/product_tag?post=23609"}],"curies":[{"name":"wp","href":"https:\/\/api.w.org\/{rel}","templated":true}]}}