{"id":23522,"date":"2022-01-05T10:14:27","date_gmt":"2022-01-05T13:14:27","guid":{"rendered":"https:\/\/www.museuhistoricosl.com.br\/loja\/produto\/sl033-fd-1071-2\/"},"modified":"2022-01-05T10:14:27","modified_gmt":"2022-01-05T13:14:27","slug":"sl033-fd-1071-2","status":"publish","type":"product","link":"https:\/\/www.museuhistoricosl.com.br\/loja\/produto\/sl033-fd-1071-2\/","title":{"rendered":"SL033-FD-1071"},"content":{"rendered":"<p>14\u00ba N\u00facleo Centro de Professores do Estado do Rio Grande do Sul &#8211; CPRGS, Centro de Professores do Estado do RS, semin\u00e1rio regional de discuss\u00e3o do ensino no Brasil, 12\/11\/1981; Escolas; <\/p>\n","protected":false},"excerpt":{"rendered":"<p>14\u00ba N\u00facleo Centro de Professores do Estado do Rio Grande do Sul &#8211; CPRGS, Centro de Professores do Estado do<\/p>\n","protected":false},"featured_media":21973,"comment_status":"open","ping_status":"closed","template":"","meta":{"_acf_changed":false},"product_cat":[60],"product_tag":[],"class_list":["post-23522","product","type-product","status-publish","has-post-thumbnail","hentry","product_cat-escolas"],"acf":[],"_links":{"self":[{"href":"https:\/\/www.museuhistoricosl.com.br\/loja\/wp-json\/wp\/v2\/product\/23522","targetHints":{"allow":["GET"]}}],"collection":[{"href":"https:\/\/www.museuhistoricosl.com.br\/loja\/wp-json\/wp\/v2\/product"}],"about":[{"href":"https:\/\/www.museuhistoricosl.com.br\/loja\/wp-json\/wp\/v2\/types\/product"}],"replies":[{"embeddable":true,"href":"https:\/\/www.museuhistoricosl.com.br\/loja\/wp-json\/wp\/v2\/comments?post=23522"}],"wp:featuredmedia":[{"embeddable":true,"href":"https:\/\/www.museuhistoricosl.com.br\/loja\/wp-json\/wp\/v2\/media\/21973"}],"wp:attachment":[{"href":"https:\/\/www.museuhistoricosl.com.br\/loja\/wp-json\/wp\/v2\/media?parent=23522"}],"wp:term":[{"taxonomy":"product_cat","embeddable":true,"href":"https:\/\/www.museuhistoricosl.com.br\/loja\/wp-json\/wp\/v2\/product_cat?post=23522"},{"taxonomy":"product_tag","embeddable":true,"href":"https:\/\/www.museuhistoricosl.com.br\/loja\/wp-json\/wp\/v2\/product_tag?post=23522"}],"curies":[{"name":"wp","href":"https:\/\/api.w.org\/{rel}","templated":true}]}}