{"id":23516,"date":"2022-01-05T10:14:25","date_gmt":"2022-01-05T13:14:25","guid":{"rendered":"https:\/\/www.museuhistoricosl.com.br\/loja\/produto\/sl033-fd-1065-2\/"},"modified":"2022-01-05T10:14:25","modified_gmt":"2022-01-05T13:14:25","slug":"sl033-fd-1065-2","status":"publish","type":"product","link":"https:\/\/www.museuhistoricosl.com.br\/loja\/produto\/sl033-fd-1065-2\/","title":{"rendered":"SL033-FD-1065"},"content":{"rendered":"<p>14\u00ba N\u00facleo Centro de Professores do Estado do Rio Grande do Sul &#8211; CPRGS, Centro de Professores do Estado do RS, Assembleia dos professores no Col\u00e9gio S\u00e3o Lu\u00eds, 04\/1985; Escolas; <\/p>\n","protected":false},"excerpt":{"rendered":"<p>14\u00ba N\u00facleo Centro de Professores do Estado do Rio Grande do Sul &#8211; CPRGS, Centro de Professores do Estado do<\/p>\n","protected":false},"featured_media":21961,"comment_status":"open","ping_status":"closed","template":"","meta":{"_acf_changed":false},"product_cat":[60],"product_tag":[],"class_list":["post-23516","product","type-product","status-publish","has-post-thumbnail","hentry","product_cat-escolas"],"acf":[],"_links":{"self":[{"href":"https:\/\/www.museuhistoricosl.com.br\/loja\/wp-json\/wp\/v2\/product\/23516","targetHints":{"allow":["GET"]}}],"collection":[{"href":"https:\/\/www.museuhistoricosl.com.br\/loja\/wp-json\/wp\/v2\/product"}],"about":[{"href":"https:\/\/www.museuhistoricosl.com.br\/loja\/wp-json\/wp\/v2\/types\/product"}],"replies":[{"embeddable":true,"href":"https:\/\/www.museuhistoricosl.com.br\/loja\/wp-json\/wp\/v2\/comments?post=23516"}],"wp:featuredmedia":[{"embeddable":true,"href":"https:\/\/www.museuhistoricosl.com.br\/loja\/wp-json\/wp\/v2\/media\/21961"}],"wp:attachment":[{"href":"https:\/\/www.museuhistoricosl.com.br\/loja\/wp-json\/wp\/v2\/media?parent=23516"}],"wp:term":[{"taxonomy":"product_cat","embeddable":true,"href":"https:\/\/www.museuhistoricosl.com.br\/loja\/wp-json\/wp\/v2\/product_cat?post=23516"},{"taxonomy":"product_tag","embeddable":true,"href":"https:\/\/www.museuhistoricosl.com.br\/loja\/wp-json\/wp\/v2\/product_tag?post=23516"}],"curies":[{"name":"wp","href":"https:\/\/api.w.org\/{rel}","templated":true}]}}