{"id":23465,"date":"2022-01-05T10:13:37","date_gmt":"2022-01-05T13:13:37","guid":{"rendered":"https:\/\/www.museuhistoricosl.com.br\/loja\/produto\/sl033-fd-1014-2\/"},"modified":"2022-01-05T10:13:37","modified_gmt":"2022-01-05T13:13:37","slug":"sl033-fd-1014-2","status":"publish","type":"product","link":"https:\/\/www.museuhistoricosl.com.br\/loja\/produto\/sl033-fd-1014-2\/","title":{"rendered":"SL033-FD-1014"},"content":{"rendered":"<p>Escola Estadual de 1\u00ba Grau Incompleto Santa Catarina, Bairro Rio Branco, Comemora\u00e7\u00e3o dos 25 anos da escola com o lan\u00e7amento da patrulha do verde (ed.13\/05\/1981), Diretora Marlene Plump; Escolas; <\/p>\n","protected":false},"excerpt":{"rendered":"<p>Escola Estadual de 1\u00ba Grau Incompleto Santa Catarina, Bairro Rio Branco, Comemora\u00e7\u00e3o dos 25 anos da escola com o lan\u00e7amento<\/p>\n","protected":false},"featured_media":21859,"comment_status":"open","ping_status":"closed","template":"","meta":{"_acf_changed":false},"product_cat":[60],"product_tag":[],"class_list":["post-23465","product","type-product","status-publish","has-post-thumbnail","hentry","product_cat-escolas"],"acf":[],"_links":{"self":[{"href":"https:\/\/www.museuhistoricosl.com.br\/loja\/wp-json\/wp\/v2\/product\/23465","targetHints":{"allow":["GET"]}}],"collection":[{"href":"https:\/\/www.museuhistoricosl.com.br\/loja\/wp-json\/wp\/v2\/product"}],"about":[{"href":"https:\/\/www.museuhistoricosl.com.br\/loja\/wp-json\/wp\/v2\/types\/product"}],"replies":[{"embeddable":true,"href":"https:\/\/www.museuhistoricosl.com.br\/loja\/wp-json\/wp\/v2\/comments?post=23465"}],"wp:featuredmedia":[{"embeddable":true,"href":"https:\/\/www.museuhistoricosl.com.br\/loja\/wp-json\/wp\/v2\/media\/21859"}],"wp:attachment":[{"href":"https:\/\/www.museuhistoricosl.com.br\/loja\/wp-json\/wp\/v2\/media?parent=23465"}],"wp:term":[{"taxonomy":"product_cat","embeddable":true,"href":"https:\/\/www.museuhistoricosl.com.br\/loja\/wp-json\/wp\/v2\/product_cat?post=23465"},{"taxonomy":"product_tag","embeddable":true,"href":"https:\/\/www.museuhistoricosl.com.br\/loja\/wp-json\/wp\/v2\/product_tag?post=23465"}],"curies":[{"name":"wp","href":"https:\/\/api.w.org\/{rel}","templated":true}]}}