{"id":23436,"date":"2022-01-05T10:13:12","date_gmt":"2022-01-05T13:13:12","guid":{"rendered":"https:\/\/www.museuhistoricosl.com.br\/loja\/produto\/sl033-fd-0985-2\/"},"modified":"2022-01-05T10:13:12","modified_gmt":"2022-01-05T13:13:12","slug":"sl033-fd-0985-2","status":"publish","type":"product","link":"https:\/\/www.museuhistoricosl.com.br\/loja\/produto\/sl033-fd-0985-2\/","title":{"rendered":"SL033-FD-0985"},"content":{"rendered":"<p>APAE-Associa\u00e7\u00e3o de Pais e Amigos de Expepcionais,  S\u00e3o Leopoldo, Jantar de Outubro, Lourdinha Almeida, Maria Elis Pedrazza, Ellwanger e Terezinha Mattes, 09\/05\/1984; Escolas; <\/p>\n","protected":false},"excerpt":{"rendered":"<p>APAE-Associa\u00e7\u00e3o de Pais e Amigos de Expepcionais, S\u00e3o Leopoldo, Jantar de Outubro, Lourdinha Almeida, Maria Elis Pedrazza, Ellwanger e Terezinha<\/p>\n","protected":false},"featured_media":21801,"comment_status":"open","ping_status":"closed","template":"","meta":{"_acf_changed":false},"product_cat":[60],"product_tag":[],"class_list":["post-23436","product","type-product","status-publish","has-post-thumbnail","hentry","product_cat-escolas"],"acf":[],"_links":{"self":[{"href":"https:\/\/www.museuhistoricosl.com.br\/loja\/wp-json\/wp\/v2\/product\/23436","targetHints":{"allow":["GET"]}}],"collection":[{"href":"https:\/\/www.museuhistoricosl.com.br\/loja\/wp-json\/wp\/v2\/product"}],"about":[{"href":"https:\/\/www.museuhistoricosl.com.br\/loja\/wp-json\/wp\/v2\/types\/product"}],"replies":[{"embeddable":true,"href":"https:\/\/www.museuhistoricosl.com.br\/loja\/wp-json\/wp\/v2\/comments?post=23436"}],"wp:featuredmedia":[{"embeddable":true,"href":"https:\/\/www.museuhistoricosl.com.br\/loja\/wp-json\/wp\/v2\/media\/21801"}],"wp:attachment":[{"href":"https:\/\/www.museuhistoricosl.com.br\/loja\/wp-json\/wp\/v2\/media?parent=23436"}],"wp:term":[{"taxonomy":"product_cat","embeddable":true,"href":"https:\/\/www.museuhistoricosl.com.br\/loja\/wp-json\/wp\/v2\/product_cat?post=23436"},{"taxonomy":"product_tag","embeddable":true,"href":"https:\/\/www.museuhistoricosl.com.br\/loja\/wp-json\/wp\/v2\/product_tag?post=23436"}],"curies":[{"name":"wp","href":"https:\/\/api.w.org\/{rel}","templated":true}]}}