{"id":23427,"date":"2022-01-05T10:13:07","date_gmt":"2022-01-05T13:13:07","guid":{"rendered":"https:\/\/www.museuhistoricosl.com.br\/loja\/produto\/sl033-fd-0976-2\/"},"modified":"2022-01-05T10:13:07","modified_gmt":"2022-01-05T13:13:07","slug":"sl033-fd-0976-2","status":"publish","type":"product","link":"https:\/\/www.museuhistoricosl.com.br\/loja\/produto\/sl033-fd-0976-2\/","title":{"rendered":"SL033-FD-0976"},"content":{"rendered":"<p>APAE-Associa\u00e7\u00e3o de Pais e Amigos de Expepcionais,  S\u00e3o Leopoldo, Desfile beneficente pr\u00f3-Apae da Casa Mena no Orpheu, 25\/06\/1985; Escolas; <\/p>\n","protected":false},"excerpt":{"rendered":"<p>APAE-Associa\u00e7\u00e3o de Pais e Amigos de Expepcionais, S\u00e3o Leopoldo, Desfile beneficente pr\u00f3-Apae da Casa Mena no Orpheu, 25\/06\/1985; Escolas;<\/p>\n","protected":false},"featured_media":21783,"comment_status":"open","ping_status":"closed","template":"","meta":{"_acf_changed":false},"product_cat":[60],"product_tag":[],"class_list":["post-23427","product","type-product","status-publish","has-post-thumbnail","hentry","product_cat-escolas"],"acf":[],"_links":{"self":[{"href":"https:\/\/www.museuhistoricosl.com.br\/loja\/wp-json\/wp\/v2\/product\/23427","targetHints":{"allow":["GET"]}}],"collection":[{"href":"https:\/\/www.museuhistoricosl.com.br\/loja\/wp-json\/wp\/v2\/product"}],"about":[{"href":"https:\/\/www.museuhistoricosl.com.br\/loja\/wp-json\/wp\/v2\/types\/product"}],"replies":[{"embeddable":true,"href":"https:\/\/www.museuhistoricosl.com.br\/loja\/wp-json\/wp\/v2\/comments?post=23427"}],"wp:featuredmedia":[{"embeddable":true,"href":"https:\/\/www.museuhistoricosl.com.br\/loja\/wp-json\/wp\/v2\/media\/21783"}],"wp:attachment":[{"href":"https:\/\/www.museuhistoricosl.com.br\/loja\/wp-json\/wp\/v2\/media?parent=23427"}],"wp:term":[{"taxonomy":"product_cat","embeddable":true,"href":"https:\/\/www.museuhistoricosl.com.br\/loja\/wp-json\/wp\/v2\/product_cat?post=23427"},{"taxonomy":"product_tag","embeddable":true,"href":"https:\/\/www.museuhistoricosl.com.br\/loja\/wp-json\/wp\/v2\/product_tag?post=23427"}],"curies":[{"name":"wp","href":"https:\/\/api.w.org\/{rel}","templated":true}]}}