{"id":23345,"date":"2022-01-05T10:12:04","date_gmt":"2022-01-05T13:12:04","guid":{"rendered":"https:\/\/www.museuhistoricosl.com.br\/loja\/produto\/sl033-fd-0894-2\/"},"modified":"2022-01-05T10:12:04","modified_gmt":"2022-01-05T13:12:04","slug":"sl033-fd-0894-2","status":"publish","type":"product","link":"https:\/\/www.museuhistoricosl.com.br\/loja\/produto\/sl033-fd-0894-2\/","title":{"rendered":"SL033-FD-0894"},"content":{"rendered":"<p>Escola Santo Rita de C\u00e1ssia, bairro Scharlau, Creche Santa Rita de C\u00e1ssia assina contrato, atrav\u00e9s de Arlete Gargnania, para venda de 30 vagas ao Sesi de S\u00e3o Leopoldo, 15\/01\/1985; Escolas; <\/p>\n","protected":false},"excerpt":{"rendered":"<p>Escola Santo Rita de C\u00e1ssia, bairro Scharlau, Creche Santa Rita de C\u00e1ssia assina contrato, atrav\u00e9s de Arlete Gargnania, para venda<\/p>\n","protected":false},"featured_media":21619,"comment_status":"open","ping_status":"closed","template":"","meta":{"_acf_changed":false},"product_cat":[60],"product_tag":[],"class_list":["post-23345","product","type-product","status-publish","has-post-thumbnail","hentry","product_cat-escolas"],"acf":[],"_links":{"self":[{"href":"https:\/\/www.museuhistoricosl.com.br\/loja\/wp-json\/wp\/v2\/product\/23345","targetHints":{"allow":["GET"]}}],"collection":[{"href":"https:\/\/www.museuhistoricosl.com.br\/loja\/wp-json\/wp\/v2\/product"}],"about":[{"href":"https:\/\/www.museuhistoricosl.com.br\/loja\/wp-json\/wp\/v2\/types\/product"}],"replies":[{"embeddable":true,"href":"https:\/\/www.museuhistoricosl.com.br\/loja\/wp-json\/wp\/v2\/comments?post=23345"}],"wp:featuredmedia":[{"embeddable":true,"href":"https:\/\/www.museuhistoricosl.com.br\/loja\/wp-json\/wp\/v2\/media\/21619"}],"wp:attachment":[{"href":"https:\/\/www.museuhistoricosl.com.br\/loja\/wp-json\/wp\/v2\/media?parent=23345"}],"wp:term":[{"taxonomy":"product_cat","embeddable":true,"href":"https:\/\/www.museuhistoricosl.com.br\/loja\/wp-json\/wp\/v2\/product_cat?post=23345"},{"taxonomy":"product_tag","embeddable":true,"href":"https:\/\/www.museuhistoricosl.com.br\/loja\/wp-json\/wp\/v2\/product_tag?post=23345"}],"curies":[{"name":"wp","href":"https:\/\/api.w.org\/{rel}","templated":true}]}}