{"id":23322,"date":"2022-01-05T10:11:43","date_gmt":"2022-01-05T13:11:43","guid":{"rendered":"https:\/\/www.museuhistoricosl.com.br\/loja\/produto\/sl033-fd-0871-2\/"},"modified":"2022-01-05T10:11:43","modified_gmt":"2022-01-05T13:11:43","slug":"sl033-fd-0871-2","status":"publish","type":"product","link":"https:\/\/www.museuhistoricosl.com.br\/loja\/produto\/sl033-fd-0871-2\/","title":{"rendered":"SL033-FD-0871"},"content":{"rendered":"<p>Cruz Vermelha Brasileira, S\u00e3o Leopoldo, Missa em homenagem \u00e0 ex-presidente e uma das fundadoras, Maria Em\u00edlia de Paula, 07\/06\/1984; Escolas; <\/p>\n","protected":false},"excerpt":{"rendered":"<p>Cruz Vermelha Brasileira, S\u00e3o Leopoldo, Missa em homenagem \u00e0 ex-presidente e uma das fundadoras, Maria Em\u00edlia de Paula, 07\/06\/1984; Escolas;<\/p>\n","protected":false},"featured_media":21573,"comment_status":"open","ping_status":"closed","template":"","meta":{"_acf_changed":false},"product_cat":[60],"product_tag":[],"class_list":["post-23322","product","type-product","status-publish","has-post-thumbnail","hentry","product_cat-escolas"],"acf":[],"_links":{"self":[{"href":"https:\/\/www.museuhistoricosl.com.br\/loja\/wp-json\/wp\/v2\/product\/23322","targetHints":{"allow":["GET"]}}],"collection":[{"href":"https:\/\/www.museuhistoricosl.com.br\/loja\/wp-json\/wp\/v2\/product"}],"about":[{"href":"https:\/\/www.museuhistoricosl.com.br\/loja\/wp-json\/wp\/v2\/types\/product"}],"replies":[{"embeddable":true,"href":"https:\/\/www.museuhistoricosl.com.br\/loja\/wp-json\/wp\/v2\/comments?post=23322"}],"wp:featuredmedia":[{"embeddable":true,"href":"https:\/\/www.museuhistoricosl.com.br\/loja\/wp-json\/wp\/v2\/media\/21573"}],"wp:attachment":[{"href":"https:\/\/www.museuhistoricosl.com.br\/loja\/wp-json\/wp\/v2\/media?parent=23322"}],"wp:term":[{"taxonomy":"product_cat","embeddable":true,"href":"https:\/\/www.museuhistoricosl.com.br\/loja\/wp-json\/wp\/v2\/product_cat?post=23322"},{"taxonomy":"product_tag","embeddable":true,"href":"https:\/\/www.museuhistoricosl.com.br\/loja\/wp-json\/wp\/v2\/product_tag?post=23322"}],"curies":[{"name":"wp","href":"https:\/\/api.w.org\/{rel}","templated":true}]}}