{"id":23316,"date":"2022-01-05T10:11:40","date_gmt":"2022-01-05T13:11:40","guid":{"rendered":"https:\/\/www.museuhistoricosl.com.br\/loja\/produto\/sl033-fd-0865-2\/"},"modified":"2022-01-05T10:11:40","modified_gmt":"2022-01-05T13:11:40","slug":"sl033-fd-0865-2","status":"publish","type":"product","link":"https:\/\/www.museuhistoricosl.com.br\/loja\/produto\/sl033-fd-0865-2\/","title":{"rendered":"SL033-FD-0865"},"content":{"rendered":"<p>Creche Municipais, Servi\u00e7o de Creches Municipais, jantar de confraterniza\u00e7\u00e3o, Waldir Schmidt e Helena, Andr\u00e9 Bendon\u00e7a e Silvana e Rui Ivono\u00e9 dos Santos e esposa, Edson Adair Silva, 22\/05\/1984; Escolas; <\/p>\n","protected":false},"excerpt":{"rendered":"<p>Creche Municipais, Servi\u00e7o de Creches Municipais, jantar de confraterniza\u00e7\u00e3o, Waldir Schmidt e Helena, Andr\u00e9 Bendon\u00e7a e Silvana e Rui Ivono\u00e9<\/p>\n","protected":false},"featured_media":21561,"comment_status":"open","ping_status":"closed","template":"","meta":{"_acf_changed":false},"product_cat":[60],"product_tag":[],"class_list":["post-23316","product","type-product","status-publish","has-post-thumbnail","hentry","product_cat-escolas"],"acf":[],"_links":{"self":[{"href":"https:\/\/www.museuhistoricosl.com.br\/loja\/wp-json\/wp\/v2\/product\/23316","targetHints":{"allow":["GET"]}}],"collection":[{"href":"https:\/\/www.museuhistoricosl.com.br\/loja\/wp-json\/wp\/v2\/product"}],"about":[{"href":"https:\/\/www.museuhistoricosl.com.br\/loja\/wp-json\/wp\/v2\/types\/product"}],"replies":[{"embeddable":true,"href":"https:\/\/www.museuhistoricosl.com.br\/loja\/wp-json\/wp\/v2\/comments?post=23316"}],"wp:featuredmedia":[{"embeddable":true,"href":"https:\/\/www.museuhistoricosl.com.br\/loja\/wp-json\/wp\/v2\/media\/21561"}],"wp:attachment":[{"href":"https:\/\/www.museuhistoricosl.com.br\/loja\/wp-json\/wp\/v2\/media?parent=23316"}],"wp:term":[{"taxonomy":"product_cat","embeddable":true,"href":"https:\/\/www.museuhistoricosl.com.br\/loja\/wp-json\/wp\/v2\/product_cat?post=23316"},{"taxonomy":"product_tag","embeddable":true,"href":"https:\/\/www.museuhistoricosl.com.br\/loja\/wp-json\/wp\/v2\/product_tag?post=23316"}],"curies":[{"name":"wp","href":"https:\/\/api.w.org\/{rel}","templated":true}]}}