{"id":23270,"date":"2022-01-05T10:10:53","date_gmt":"2022-01-05T13:10:53","guid":{"rendered":"https:\/\/www.museuhistoricosl.com.br\/loja\/produto\/sl033-fd-0819-2\/"},"modified":"2022-01-05T10:10:53","modified_gmt":"2022-01-05T13:10:53","slug":"sl033-fd-0819-2","status":"publish","type":"product","link":"https:\/\/www.museuhistoricosl.com.br\/loja\/produto\/sl033-fd-0819-2\/","title":{"rendered":"SL033-FD-0819"},"content":{"rendered":"<p>Escolas Evang\u00e9licas de S\u00e3o Leopoldo, 1. Semin\u00e1rio Evang\u00e9lico de Professores, 2. Escola Te\u00f3rica de Comercio, 3. Casa do Estudante, 4. C\u00e2mara Municipal; Escolas; <\/p>\n","protected":false},"excerpt":{"rendered":"<p>Escolas Evang\u00e9licas de S\u00e3o Leopoldo, 1. Semin\u00e1rio Evang\u00e9lico de Professores, 2. Escola Te\u00f3rica de Comercio, 3. Casa do Estudante, 4.<\/p>\n","protected":false},"featured_media":21469,"comment_status":"open","ping_status":"closed","template":"","meta":{"_acf_changed":false},"product_cat":[60],"product_tag":[],"class_list":["post-23270","product","type-product","status-publish","has-post-thumbnail","hentry","product_cat-escolas"],"acf":[],"_links":{"self":[{"href":"https:\/\/www.museuhistoricosl.com.br\/loja\/wp-json\/wp\/v2\/product\/23270","targetHints":{"allow":["GET"]}}],"collection":[{"href":"https:\/\/www.museuhistoricosl.com.br\/loja\/wp-json\/wp\/v2\/product"}],"about":[{"href":"https:\/\/www.museuhistoricosl.com.br\/loja\/wp-json\/wp\/v2\/types\/product"}],"replies":[{"embeddable":true,"href":"https:\/\/www.museuhistoricosl.com.br\/loja\/wp-json\/wp\/v2\/comments?post=23270"}],"wp:featuredmedia":[{"embeddable":true,"href":"https:\/\/www.museuhistoricosl.com.br\/loja\/wp-json\/wp\/v2\/media\/21469"}],"wp:attachment":[{"href":"https:\/\/www.museuhistoricosl.com.br\/loja\/wp-json\/wp\/v2\/media?parent=23270"}],"wp:term":[{"taxonomy":"product_cat","embeddable":true,"href":"https:\/\/www.museuhistoricosl.com.br\/loja\/wp-json\/wp\/v2\/product_cat?post=23270"},{"taxonomy":"product_tag","embeddable":true,"href":"https:\/\/www.museuhistoricosl.com.br\/loja\/wp-json\/wp\/v2\/product_tag?post=23270"}],"curies":[{"name":"wp","href":"https:\/\/api.w.org\/{rel}","templated":true}]}}