{"id":23258,"date":"2022-01-05T10:10:46","date_gmt":"2022-01-05T13:10:46","guid":{"rendered":"https:\/\/www.museuhistoricosl.com.br\/loja\/produto\/sl033-fd-0807-2\/"},"modified":"2022-01-05T10:10:46","modified_gmt":"2022-01-05T13:10:46","slug":"sl033-fd-0807-2","status":"publish","type":"product","link":"https:\/\/www.museuhistoricosl.com.br\/loja\/produto\/sl033-fd-0807-2\/","title":{"rendered":"SL033-FD-0807"},"content":{"rendered":"<p>Internato Morro do Espelho, S\u00e3o Leopoldo, Prof. T.L. M\u00fcller: a 1\u00aa s\u00e9rie A do Col\u00e9gio Sinodal agradece as explica\u00e7\u00f5es no Museu e deseja-lhe Feliz P\u00e1scoa. S.L. 14\/04\/1965, gertrud Voget, V\u00e9ra Kich, Bertrand Schmambach, Carlos Steryer, Celso Kiefes, Ari Reinke, ? Drehner, Rui Gisch, Rui Dienstmann, Werner Fetzner, Norberto Dauber, Margaret M\u00fcller, Eliana S. Kohl, Dirce Nelci Port, Mirse Bergmann, Oscar Wurtrow, Peter Hehns, Haery Becker, Walter Hoppen, Henrique Meyer, Iens Bercht, Leonardo U. Bercht, Carlos A. Drehmer, Arno Edgar Kaplan e Breno Jo\u00e3o Konrath Junior; Escolas; <\/p>\n","protected":false},"excerpt":{"rendered":"<p>Internato Morro do Espelho, S\u00e3o Leopoldo, Prof. T.L. M\u00fcller: a 1\u00aa s\u00e9rie A do Col\u00e9gio Sinodal agradece as explica\u00e7\u00f5es no<\/p>\n","protected":false},"featured_media":21445,"comment_status":"open","ping_status":"closed","template":"","meta":{"_acf_changed":false},"product_cat":[60],"product_tag":[],"class_list":["post-23258","product","type-product","status-publish","has-post-thumbnail","hentry","product_cat-escolas"],"acf":[],"_links":{"self":[{"href":"https:\/\/www.museuhistoricosl.com.br\/loja\/wp-json\/wp\/v2\/product\/23258","targetHints":{"allow":["GET"]}}],"collection":[{"href":"https:\/\/www.museuhistoricosl.com.br\/loja\/wp-json\/wp\/v2\/product"}],"about":[{"href":"https:\/\/www.museuhistoricosl.com.br\/loja\/wp-json\/wp\/v2\/types\/product"}],"replies":[{"embeddable":true,"href":"https:\/\/www.museuhistoricosl.com.br\/loja\/wp-json\/wp\/v2\/comments?post=23258"}],"wp:featuredmedia":[{"embeddable":true,"href":"https:\/\/www.museuhistoricosl.com.br\/loja\/wp-json\/wp\/v2\/media\/21445"}],"wp:attachment":[{"href":"https:\/\/www.museuhistoricosl.com.br\/loja\/wp-json\/wp\/v2\/media?parent=23258"}],"wp:term":[{"taxonomy":"product_cat","embeddable":true,"href":"https:\/\/www.museuhistoricosl.com.br\/loja\/wp-json\/wp\/v2\/product_cat?post=23258"},{"taxonomy":"product_tag","embeddable":true,"href":"https:\/\/www.museuhistoricosl.com.br\/loja\/wp-json\/wp\/v2\/product_tag?post=23258"}],"curies":[{"name":"wp","href":"https:\/\/api.w.org\/{rel}","templated":true}]}}