{"id":23252,"date":"2022-01-05T10:10:43","date_gmt":"2022-01-05T13:10:43","guid":{"rendered":"https:\/\/www.museuhistoricosl.com.br\/loja\/produto\/sl033-fd-0801-2\/"},"modified":"2022-01-05T10:10:43","modified_gmt":"2022-01-05T13:10:43","slug":"sl033-fd-0801-2","status":"publish","type":"product","link":"https:\/\/www.museuhistoricosl.com.br\/loja\/produto\/sl033-fd-0801-2\/","title":{"rendered":"SL033-FD-0801"},"content":{"rendered":"<p>Col\u00e9gio Sinodal, 3\u00aa s\u00e9rie do gin\u00e1sio Sinodal, S\u00e3o Leopoldo, 1943; Escolas; <\/p>\n","protected":false},"excerpt":{"rendered":"<p>Col\u00e9gio Sinodal, 3\u00aa s\u00e9rie do gin\u00e1sio Sinodal, S\u00e3o Leopoldo, 1943; Escolas;<\/p>\n","protected":false},"featured_media":21433,"comment_status":"open","ping_status":"closed","template":"","meta":{"_acf_changed":false},"product_cat":[60],"product_tag":[],"class_list":["post-23252","product","type-product","status-publish","has-post-thumbnail","hentry","product_cat-escolas"],"acf":[],"_links":{"self":[{"href":"https:\/\/www.museuhistoricosl.com.br\/loja\/wp-json\/wp\/v2\/product\/23252","targetHints":{"allow":["GET"]}}],"collection":[{"href":"https:\/\/www.museuhistoricosl.com.br\/loja\/wp-json\/wp\/v2\/product"}],"about":[{"href":"https:\/\/www.museuhistoricosl.com.br\/loja\/wp-json\/wp\/v2\/types\/product"}],"replies":[{"embeddable":true,"href":"https:\/\/www.museuhistoricosl.com.br\/loja\/wp-json\/wp\/v2\/comments?post=23252"}],"wp:featuredmedia":[{"embeddable":true,"href":"https:\/\/www.museuhistoricosl.com.br\/loja\/wp-json\/wp\/v2\/media\/21433"}],"wp:attachment":[{"href":"https:\/\/www.museuhistoricosl.com.br\/loja\/wp-json\/wp\/v2\/media?parent=23252"}],"wp:term":[{"taxonomy":"product_cat","embeddable":true,"href":"https:\/\/www.museuhistoricosl.com.br\/loja\/wp-json\/wp\/v2\/product_cat?post=23252"},{"taxonomy":"product_tag","embeddable":true,"href":"https:\/\/www.museuhistoricosl.com.br\/loja\/wp-json\/wp\/v2\/product_tag?post=23252"}],"curies":[{"name":"wp","href":"https:\/\/api.w.org\/{rel}","templated":true}]}}